{"id":16947,"date":"2025-03-14T10:01:05","date_gmt":"2025-03-14T09:01:05","guid":{"rendered":"https:\/\/www.welco-ind.com\/?page_id=16947"},"modified":"2025-04-03T11:11:32","modified_gmt":"2025-04-03T10:11:32","slug":"notre-histoire","status":"publish","type":"page","link":"https:\/\/www.welco-ind.com\/fr\/societe\/notre-histoire\/","title":{"rendered":"Notre histoire"},"content":{"rendered":"<div class=\"wpb-content-wrapper\"><p>[vc_row css_animation=\u00a0\u00bb\u00a0\u00bb row_type=\u00a0\u00bbrow\u00a0\u00bb use_row_as_full_screen_section=\u00a0\u00bbno\u00a0\u00bb type=\u00a0\u00bbfull_width\u00a0\u00bb angled_section=\u00a0\u00bbno\u00a0\u00bb text_align=\u00a0\u00bbleft\u00a0\u00bb background_image_as_pattern=\u00a0\u00bbwithout_pattern\u00a0\u00bb][vc_column width=\u00a0\u00bb1\/4&Prime;][\/vc_column][vc_column width=\u00a0\u00bb1\/2&Prime;][vc_separator type=\u00a0\u00bbtransparent\u00a0\u00bb up=\u00a0\u00bb26&Prime;][\/vc_column][vc_column width=\u00a0\u00bb1\/4&Prime;][\/vc_column][\/vc_row][vc_row css_animation=\u00a0\u00bb\u00a0\u00bb row_type=\u00a0\u00bbrow\u00a0\u00bb use_row_as_full_screen_section=\u00a0\u00bbno\u00a0\u00bb type=\u00a0\u00bbfull_width\u00a0\u00bb angled_section=\u00a0\u00bbno\u00a0\u00bb text_align=\u00a0\u00bbleft\u00a0\u00bb background_image_as_pattern=\u00a0\u00bbwithout_pattern\u00a0\u00bb][vc_column]<div class=\"qode-workflow  qode-workflow-animate\">\n    <span class=\"main-line\" style=\"background-color:#0081c1;\"><\/span>\n    <div class=\"qode-workflow-item\">\n    <span class=\"line\" style=\"background-color:#0081c1;\"><\/span>\n    <div class=\"qode-workflow-item-inner reverse\">\n        <div class=\"qode-workflow-image right\">\n            <img loading=\"lazy\" decoding=\"async\" width=\"455\" height=\"304\" src=\"https:\/\/www.welco-ind.com\/wp-content\/uploads\/2025\/03\/Drapeau-americain.png\" class=\"attachment-full size-full\" alt=\"\" srcset=\"https:\/\/www.welco-ind.com\/wp-content\/uploads\/2025\/03\/Drapeau-americain.png 455w, https:\/\/www.welco-ind.com\/wp-content\/uploads\/2025\/03\/Drapeau-americain-300x200.png 300w\" sizes=\"auto, (max-width: 455px) 100vw, 455px\" \/>        <\/div>\n        <div class=\"qode-workflow-text\">\n            <span class=\"circle\" style=\"background-color:#0081c1;\"><\/span>\n                            <h3>1968<\/h3>\n                                        <h6 class=\"qode-workflow-subtitle\">Cr\u00e9ation de la gamme initiale de compresseurs 400HZ aux USA<\/h6>\n                                        <p class=\"text\">En 1968, une entreprise am\u00e9ricaine \u201cWELCO Technologies\u201d cr\u00e9e la gamme e compresseurs 400HZ aux Etats-Unis<\/p>\n                    <\/div>\n    <\/div>\n<\/div><div class=\"qode-workflow-item\">\n    <span class=\"line\" style=\"background-color:#0081c1;\"><\/span>\n    <div class=\"qode-workflow-item-inner \">\n        <div class=\"qode-workflow-image left\">\n            <img loading=\"lazy\" decoding=\"async\" width=\"455\" height=\"304\" src=\"https:\/\/www.welco-ind.com\/wp-content\/uploads\/2025\/03\/Drapeau-francais.png\" class=\"attachment-full size-full\" alt=\"\" srcset=\"https:\/\/www.welco-ind.com\/wp-content\/uploads\/2025\/03\/Drapeau-francais.png 455w, https:\/\/www.welco-ind.com\/wp-content\/uploads\/2025\/03\/Drapeau-francais-300x200.png 300w\" sizes=\"auto, (max-width: 455px) 100vw, 455px\" \/>        <\/div>\n        <div class=\"qode-workflow-text\">\n            <span class=\"circle\" style=\"background-color:#0081c1;\"><\/span>\n                            <h3>1976<\/h3>\n                                        <h6 class=\"qode-workflow-subtitle\">Cr\u00e9ation de WELCO SA en France<\/h6>\n                                        <p class=\"text\">En 1976, WELCO Technologies cr\u00e9\u00e9 WELCO SA, une division compresseurs \u00e0 Pontoise, France<\/p>\n                    <\/div>\n    <\/div>\n<\/div><div class=\"qode-workflow-item\">\n    <span class=\"line\" style=\"background-color:#0081c1;\"><\/span>\n    <div class=\"qode-workflow-item-inner reverse\">\n        <div class=\"qode-workflow-image right\">\n            <img loading=\"lazy\" decoding=\"async\" width=\"555\" height=\"355\" src=\"https:\/\/www.welco-ind.com\/wp-content\/uploads\/2025\/03\/Le_Poet.jpg\" class=\"attachment-full size-full\" alt=\"\" srcset=\"https:\/\/www.welco-ind.com\/wp-content\/uploads\/2025\/03\/Le_Poet.jpg 555w, https:\/\/www.welco-ind.com\/wp-content\/uploads\/2025\/03\/Le_Poet-300x192.jpg 300w\" sizes=\"auto, (max-width: 555px) 100vw, 555px\" \/>        <\/div>\n        <div class=\"qode-workflow-text\">\n            <span class=\"circle\" style=\"background-color:#0081c1;\"><\/span>\n                            <h3>1979<\/h3>\n                                        <h6 class=\"qode-workflow-subtitle\">D\u00e9m\u00e9nagement en Provence<\/h6>\n                                        <p class=\"text\">L\u2019unit\u00e9 de production est transf\u00e9r\u00e9e \u00e0 son actuel emplacement, Le Po\u00ebt, Provence.<\/p>\n                    <\/div>\n    <\/div>\n<\/div><div class=\"qode-workflow-item\">\n    <span class=\"line\" style=\"background-color:#0081c1;\"><\/span>\n    <div class=\"qode-workflow-item-inner \">\n        <div class=\"qode-workflow-image left\">\n            <img loading=\"lazy\" decoding=\"async\" width=\"555\" height=\"355\" src=\"https:\/\/www.welco-ind.com\/wp-content\/uploads\/2025\/03\/logo_Welco_1982.jpg\" class=\"attachment-full size-full\" alt=\"\" srcset=\"https:\/\/www.welco-ind.com\/wp-content\/uploads\/2025\/03\/logo_Welco_1982.jpg 555w, https:\/\/www.welco-ind.com\/wp-content\/uploads\/2025\/03\/logo_Welco_1982-300x192.jpg 300w\" sizes=\"auto, (max-width: 555px) 100vw, 555px\" \/>        <\/div>\n        <div class=\"qode-workflow-text\">\n            <span class=\"circle\" style=\"background-color:#0081c1;\"><\/span>\n                            <h3>1982<\/h3>\n                                        <h6 class=\"qode-workflow-subtitle\">Welco Industries<\/h6>\n                                        <p class=\"text\">Welco SA devient Welco Industries sous la direction de Pierre Bourgeois et produit sous licence des compresseurs pour les march\u00e9s fran\u00e7ais et europ\u00e9ens.<\/p>\n                    <\/div>\n    <\/div>\n<\/div><div class=\"qode-workflow-item\">\n    <span class=\"line\" style=\"background-color:#0081c1;\"><\/span>\n    <div class=\"qode-workflow-item-inner reverse\">\n        <div class=\"qode-workflow-image right\">\n            <img loading=\"lazy\" decoding=\"async\" width=\"555\" height=\"355\" src=\"https:\/\/www.welco-ind.com\/wp-content\/uploads\/2025\/03\/Atlantique_2.jpg\" class=\"attachment-full size-full\" alt=\"\" srcset=\"https:\/\/www.welco-ind.com\/wp-content\/uploads\/2025\/03\/Atlantique_2.jpg 555w, https:\/\/www.welco-ind.com\/wp-content\/uploads\/2025\/03\/Atlantique_2-300x192.jpg 300w\" sizes=\"auto, (max-width: 555px) 100vw, 555px\" \/>        <\/div>\n        <div class=\"qode-workflow-text\">\n            <span class=\"circle\" style=\"background-color:#0081c1;\"><\/span>\n                            <h3>1991<\/h3>\n                                        <h6 class=\"qode-workflow-subtitle\">DASSAULT AVIATION<\/h6>\n                                        <p class=\"text\">Dassault Aviation choisi Welco Industries pour la fourniture du r\u00e9frig\u00e9rateur de l\u2019Atlantique 2. (exemple : utilis\u00e9 pour refroidir le mat\u00e9riel photographique et les \u00e9quipements qui ont contribu\u00e9 au succ\u00e8s et \u00e0 l\u2019utilit\u00e9 des missions de reconnaissance de l\u2019ATL2)<\/p>\n                    <\/div>\n    <\/div>\n<\/div><div class=\"qode-workflow-item\">\n    <span class=\"line\" style=\"background-color:#0081c1;\"><\/span>\n    <div class=\"qode-workflow-item-inner \">\n        <div class=\"qode-workflow-image left\">\n            <img loading=\"lazy\" decoding=\"async\" width=\"220\" height=\"250\" src=\"https:\/\/www.welco-ind.com\/wp-content\/uploads\/2025\/03\/PISTON_COMPRESSOR_400HZ_FACE_welco.png\" class=\"attachment-full size-full\" alt=\"\" \/>        <\/div>\n        <div class=\"qode-workflow-text\">\n            <span class=\"circle\" style=\"background-color:#0081c1;\"><\/span>\n                            <h3>1996<\/h3>\n                                        <h6 class=\"qode-workflow-subtitle\">Ind\u00e9pendance<\/h6>\n                                        <p class=\"text\">Welco Industries devient 100% fran\u00e7ais et acquiert la ligne de produits et les droits de conception de la gamme des compresseurs Welco.<\/p>\n                    <\/div>\n    <\/div>\n<\/div><div class=\"qode-workflow-item\">\n    <span class=\"line\" style=\"background-color:#0081c1;\"><\/span>\n    <div class=\"qode-workflow-item-inner reverse\">\n        <div class=\"qode-workflow-image right\">\n            <img loading=\"lazy\" decoding=\"async\" width=\"555\" height=\"355\" src=\"https:\/\/www.welco-ind.com\/wp-content\/uploads\/2025\/03\/helicopter_tiger.jpg\" class=\"attachment-full size-full\" alt=\"\" srcset=\"https:\/\/www.welco-ind.com\/wp-content\/uploads\/2025\/03\/helicopter_tiger.jpg 555w, https:\/\/www.welco-ind.com\/wp-content\/uploads\/2025\/03\/helicopter_tiger-300x192.jpg 300w\" sizes=\"auto, (max-width: 555px) 100vw, 555px\" \/>        <\/div>\n        <div class=\"qode-workflow-text\">\n            <span class=\"circle\" style=\"background-color:#0081c1;\"><\/span>\n                            <h3>2002<\/h3>\n                                        <h6 class=\"qode-workflow-subtitle\">Honeywell Secan<\/h6>\n                                        <p class=\"text\">Honeywell Secan s\u00e9lectionne Welco Industries pour la fourniture d\u2019un compresseur rotatif compact pour h\u00e9licopt\u00e8res<\/p>\n                    <\/div>\n    <\/div>\n<\/div><div class=\"qode-workflow-item\">\n    <span class=\"line\" style=\"background-color:#0081c1;\"><\/span>\n    <div class=\"qode-workflow-item-inner \">\n        <div class=\"qode-workflow-image left\">\n            <img loading=\"lazy\" decoding=\"async\" width=\"220\" height=\"250\" src=\"https:\/\/www.welco-ind.com\/wp-content\/uploads\/2025\/03\/scroll-compressor.png\" class=\"attachment-full size-full\" alt=\"\" \/>        <\/div>\n        <div class=\"qode-workflow-text\">\n            <span class=\"circle\" style=\"background-color:#0081c1;\"><\/span>\n                            <h3>2005<\/h3>\n                                        <h6 class=\"qode-workflow-subtitle\">Nouveau compresseur scroll 400Hz<\/h6>\n                                        <p class=\"text\">Welco Industries d\u00e9veloppe un compresseur scroll 400Hz pour la climatisation du poste de pilotage d'une application navale.<\/p>\n                    <\/div>\n    <\/div>\n<\/div><div class=\"qode-workflow-item\">\n    <span class=\"line\" style=\"background-color:#0081c1;\"><\/span>\n    <div class=\"qode-workflow-item-inner reverse\">\n        <div class=\"qode-workflow-image right\">\n            <img loading=\"lazy\" decoding=\"async\" width=\"230\" height=\"151\" src=\"https:\/\/www.welco-ind.com\/wp-content\/uploads\/2025\/03\/BDC_stator_welco22.jpg\" class=\"attachment-full size-full\" alt=\"\" \/>        <\/div>\n        <div class=\"qode-workflow-text\">\n            <span class=\"circle\" style=\"background-color:#0081c1;\"><\/span>\n                            <h3>2005<\/h3>\n                                        <h6 class=\"qode-workflow-subtitle\">Moto-compresseurs DC<\/h6>\n                                        <p class=\"text\">Welco Industries d\u00e9veloppe une gamme de moto-compresseurs DC.<\/p>\n                    <\/div>\n    <\/div>\n<\/div><div class=\"qode-workflow-item\">\n    <span class=\"line\" style=\"background-color:#0081c1;\"><\/span>\n    <div class=\"qode-workflow-item-inner \">\n        <div class=\"qode-workflow-image left\">\n            <img loading=\"lazy\" decoding=\"async\" width=\"455\" height=\"304\" src=\"https:\/\/www.welco-ind.com\/wp-content\/uploads\/2025\/03\/Charlotte-Bourgeois.jpg\" class=\"attachment-full size-full\" alt=\"\" srcset=\"https:\/\/www.welco-ind.com\/wp-content\/uploads\/2025\/03\/Charlotte-Bourgeois.jpg 455w, https:\/\/www.welco-ind.com\/wp-content\/uploads\/2025\/03\/Charlotte-Bourgeois-300x200.jpg 300w\" sizes=\"auto, (max-width: 455px) 100vw, 455px\" \/>        <\/div>\n        <div class=\"qode-workflow-text\">\n            <span class=\"circle\" style=\"background-color:#0081c1;\"><\/span>\n                            <h3>2011<\/h3>\n                                        <h6 class=\"qode-workflow-subtitle\">Nouveau PDG<\/h6>\n                                        <p class=\"text\">Charlotte Bourgeois prend la direction de l\u2019entreprise suite au d\u00e9part en retraite de son p\u00e8re Pierre Bourgeois.<\/p>\n                    <\/div>\n    <\/div>\n<\/div><div class=\"qode-workflow-item\">\n    <span class=\"line\" style=\"background-color:#0081c1;\"><\/span>\n    <div class=\"qode-workflow-item-inner reverse\">\n        <div class=\"qode-workflow-image right\">\n            <img loading=\"lazy\" decoding=\"async\" width=\"555\" height=\"355\" src=\"https:\/\/www.welco-ind.com\/wp-content\/uploads\/2025\/03\/pegase_croissance.jpg\" class=\"attachment-full size-full\" alt=\"\" srcset=\"https:\/\/www.welco-ind.com\/wp-content\/uploads\/2025\/03\/pegase_croissance.jpg 555w, https:\/\/www.welco-ind.com\/wp-content\/uploads\/2025\/03\/pegase_croissance-300x192.jpg 300w\" sizes=\"auto, (max-width: 555px) 100vw, 555px\" \/>        <\/div>\n        <div class=\"qode-workflow-text\">\n            <span class=\"circle\" style=\"background-color:#0081c1;\"><\/span>\n                            <h3>2016<\/h3>\n                                        <h6 class=\"qode-workflow-subtitle\">Pegase Croissance<\/h6>\n                                        <p class=\"text\">Welco Industries est s\u00e9lectionn\u00e9e par P\u00e9gase Croissance (une filiale de SAFE Cluster) pour un programme de d\u00e9veloppement sur 3 ans.<\/p>\n                    <\/div>\n    <\/div>\n<\/div><div class=\"qode-workflow-item\">\n    <span class=\"line\" style=\"background-color:#0081c1;\"><\/span>\n    <div class=\"qode-workflow-item-inner \">\n        <div class=\"qode-workflow-image left\">\n            <img loading=\"lazy\" decoding=\"async\" width=\"555\" height=\"355\" src=\"https:\/\/www.welco-ind.com\/wp-content\/uploads\/2025\/03\/EN_9100.jpg\" class=\"attachment-full size-full\" alt=\"\" srcset=\"https:\/\/www.welco-ind.com\/wp-content\/uploads\/2025\/03\/EN_9100.jpg 555w, https:\/\/www.welco-ind.com\/wp-content\/uploads\/2025\/03\/EN_9100-300x192.jpg 300w\" sizes=\"auto, (max-width: 555px) 100vw, 555px\" \/>        <\/div>\n        <div class=\"qode-workflow-text\">\n            <span class=\"circle\" style=\"background-color:#0081c1;\"><\/span>\n                            <h3>2017-2018<\/h3>\n                                        <h6 class=\"qode-workflow-subtitle\">Nouveaux projets de d\u00e9veloppement<\/h6>\n                                        <p class=\"text\">Welco met en \u0153uvre des projets de d\u00e9veloppement cl\u00e9s, tels que la certification assurance qualit\u00e9, un ERP et des programmes d\u2019innovation.<\/p>\n                    <\/div>\n    <\/div>\n<\/div><div class=\"qode-workflow-item\">\n    <span class=\"line\" style=\"background-color:#0081c1;\"><\/span>\n    <div class=\"qode-workflow-item-inner reverse\">\n        <div class=\"qode-workflow-image right\">\n            <img loading=\"lazy\" decoding=\"async\" width=\"400\" height=\"400\" src=\"https:\/\/www.welco-ind.com\/wp-content\/uploads\/2025\/04\/Logo-vert-sur-fond-blanc-en-.jpg-e1743675032795.jpg\" class=\"attachment-full size-full\" alt=\"\" \/>        <\/div>\n        <div class=\"qode-workflow-text\">\n            <span class=\"circle\" style=\"background-color:#0081c1;\"><\/span>\n                            <h3>2020<\/h3>\n                                        <h6 class=\"qode-workflow-subtitle\">Laur\u00e9at France Relance<\/h6>\n                                        <p class=\"text\">En 2020, Welco Industries est laur\u00e9at du Plan de Relance France pour son projet de transformation.<\/p>\n                    <\/div>\n    <\/div>\n<\/div><div class=\"qode-workflow-item\">\n    <span class=\"line\" style=\"background-color:#0081c1;\"><\/span>\n    <div class=\"qode-workflow-item-inner \">\n        <div class=\"qode-workflow-image left\">\n            <img loading=\"lazy\" decoding=\"async\" width=\"1114\" height=\"768\" src=\"https:\/\/www.welco-ind.com\/wp-content\/uploads\/2025\/04\/mini_ca6c7fb5-e0e4-4633-9b49-42d8ae9031d6.png\" class=\"attachment-full size-full\" alt=\"\" srcset=\"https:\/\/www.welco-ind.com\/wp-content\/uploads\/2025\/04\/mini_ca6c7fb5-e0e4-4633-9b49-42d8ae9031d6.png 1114w, https:\/\/www.welco-ind.com\/wp-content\/uploads\/2025\/04\/mini_ca6c7fb5-e0e4-4633-9b49-42d8ae9031d6-300x207.png 300w, https:\/\/www.welco-ind.com\/wp-content\/uploads\/2025\/04\/mini_ca6c7fb5-e0e4-4633-9b49-42d8ae9031d6-1024x706.png 1024w, https:\/\/www.welco-ind.com\/wp-content\/uploads\/2025\/04\/mini_ca6c7fb5-e0e4-4633-9b49-42d8ae9031d6-768x529.png 768w, https:\/\/www.welco-ind.com\/wp-content\/uploads\/2025\/04\/mini_ca6c7fb5-e0e4-4633-9b49-42d8ae9031d6-700x483.png 700w\" sizes=\"auto, (max-width: 1114px) 100vw, 1114px\" \/>        <\/div>\n        <div class=\"qode-workflow-text\">\n            <span class=\"circle\" style=\"background-color:#0081c1;\"><\/span>\n                            <h3>2022<\/h3>\n                                        <h6 class=\"qode-workflow-subtitle\">Nouveau moto-compresseur scroll<\/h6>\n                                        <p class=\"text\">En 2022, Welco Industries d\u00e9veloppe un moto-compresseur scroll d\u00e9di\u00e9 aux applications a\u00e9ronautiques.<\/p>\n                    <\/div>\n    <\/div>\n<\/div><div class=\"qode-workflow-item\">\n    <span class=\"line\" style=\"background-color:#0081c1;\"><\/span>\n    <div class=\"qode-workflow-item-inner reverse\">\n        <div class=\"qode-workflow-image right\">\n            <img loading=\"lazy\" decoding=\"async\" width=\"800\" height=\"331\" src=\"https:\/\/www.welco-ind.com\/wp-content\/uploads\/2025\/03\/unnamed-1.png\" class=\"attachment-full size-full\" alt=\"\" srcset=\"https:\/\/www.welco-ind.com\/wp-content\/uploads\/2025\/03\/unnamed-1.png 800w, https:\/\/www.welco-ind.com\/wp-content\/uploads\/2025\/03\/unnamed-1-300x124.png 300w, https:\/\/www.welco-ind.com\/wp-content\/uploads\/2025\/03\/unnamed-1-768x318.png 768w, https:\/\/www.welco-ind.com\/wp-content\/uploads\/2025\/03\/unnamed-1-700x290.png 700w\" sizes=\"auto, (max-width: 800px) 100vw, 800px\" \/>        <\/div>\n        <div class=\"qode-workflow-text\">\n            <span class=\"circle\" style=\"background-color:#0081c1;\"><\/span>\n                            <h3>2025<\/h3>\n                                        <h6 class=\"qode-workflow-subtitle\">PART21G<\/h6>\n                                        <p class=\"text\">En 2025, Welco Industries fait la demande d'agr\u00e9ment PART21G.<\/p>\n                    <\/div>\n    <\/div>\n<\/div><\/div>[\/vc_column][\/vc_row]<\/p>\n<\/div>","protected":false},"excerpt":{"rendered":"<p>[vc_row css_animation=\u00a0\u00bb\u00a0\u00bb row_type=\u00a0\u00bbrow\u00a0\u00bb use_row_as_full_screen_section=\u00a0\u00bbno\u00a0\u00bb type=\u00a0\u00bbfull_width\u00a0\u00bb angled_section=\u00a0\u00bbno\u00a0\u00bb text_align=\u00a0\u00bbleft\u00a0\u00bb background_image_as_pattern=\u00a0\u00bbwithout_pattern\u00a0\u00bb][vc_column width=\u00a0\u00bb1\/4&Prime;][\/vc_column][vc_column width=\u00a0\u00bb1\/2&Prime;][vc_separator type=\u00a0\u00bbtransparent\u00a0\u00bb up=\u00a0\u00bb26&Prime;][\/vc_column][vc_column width=\u00a0\u00bb1\/4&Prime;][\/vc_column][\/vc_row][vc_row css_animation=\u00a0\u00bb\u00a0\u00bb row_type=\u00a0\u00bbrow\u00a0\u00bb use_row_as_full_screen_section=\u00a0\u00bbno\u00a0\u00bb type=\u00a0\u00bbfull_width\u00a0\u00bb angled_section=\u00a0\u00bbno\u00a0\u00bb text_align=\u00a0\u00bbleft\u00a0\u00bb background_image_as_pattern=\u00a0\u00bbwithout_pattern\u00a0\u00bb][vc_column][\/vc_column][\/vc_row]<\/p>\n","protected":false},"author":1,"featured_media":0,"parent":16945,"menu_order":0,"comment_status":"closed","ping_status":"closed","template":"","meta":{"footnotes":""},"class_list":["post-16947","page","type-page","status-publish","hentry"],"yoast_head":"<!-- This site is optimized with the Yoast SEO plugin v26.6 - https:\/\/yoast.com\/wordpress\/plugins\/seo\/ -->\n<title>Notre histoire - WELCO industries<\/title>\n<meta name=\"description\" content=\"WELCO Industries a \u00e9t\u00e9 cr\u00e9\u00e9e en 1976 en France et a commenc\u00e9 \u00e0 d\u00e9velopper en propre la gamme de compresseurs WELCO en 1981.\" \/>\n<meta name=\"robots\" content=\"index, follow, max-snippet:-1, max-image-preview:large, max-video-preview:-1\" \/>\n<link rel=\"canonical\" href=\"https:\/\/www.welco-ind.com\/fr\/societe\/notre-histoire\/\" \/>\n<meta property=\"og:locale\" content=\"fr_FR\" \/>\n<meta property=\"og:type\" content=\"article\" \/>\n<meta property=\"og:title\" content=\"Notre histoire - WELCO industries\" \/>\n<meta property=\"og:description\" content=\"WELCO Industries a \u00e9t\u00e9 cr\u00e9\u00e9e en 1976 en France et a commenc\u00e9 \u00e0 d\u00e9velopper en propre la gamme de compresseurs WELCO en 1981.\" \/>\n<meta property=\"og:url\" content=\"https:\/\/www.welco-ind.com\/fr\/societe\/notre-histoire\/\" \/>\n<meta property=\"og:site_name\" content=\"WELCO industries\" \/>\n<meta property=\"article:modified_time\" content=\"2025-04-03T10:11:32+00:00\" \/>\n<meta name=\"twitter:card\" content=\"summary_large_image\" \/>\n<meta name=\"twitter:label1\" content=\"Dur\u00e9e de lecture estim\u00e9e\" \/>\n\t<meta name=\"twitter:data1\" content=\"3 minutes\" \/>\n<script type=\"application\/ld+json\" class=\"yoast-schema-graph\">{\"@context\":\"https:\/\/schema.org\",\"@graph\":[{\"@type\":\"WebPage\",\"@id\":\"https:\/\/www.welco-ind.com\/fr\/societe\/notre-histoire\/\",\"url\":\"https:\/\/www.welco-ind.com\/fr\/societe\/notre-histoire\/\",\"name\":\"Notre histoire - WELCO industries\",\"isPartOf\":{\"@id\":\"https:\/\/www.welco-ind.com\/fr\/#website\"},\"datePublished\":\"2025-03-14T09:01:05+00:00\",\"dateModified\":\"2025-04-03T10:11:32+00:00\",\"description\":\"WELCO Industries a \u00e9t\u00e9 cr\u00e9\u00e9e en 1976 en France et a commenc\u00e9 \u00e0 d\u00e9velopper en propre la gamme de compresseurs WELCO en 1981.\",\"breadcrumb\":{\"@id\":\"https:\/\/www.welco-ind.com\/fr\/societe\/notre-histoire\/#breadcrumb\"},\"inLanguage\":\"fr-FR\",\"potentialAction\":[{\"@type\":\"ReadAction\",\"target\":[\"https:\/\/www.welco-ind.com\/fr\/societe\/notre-histoire\/\"]}]},{\"@type\":\"BreadcrumbList\",\"@id\":\"https:\/\/www.welco-ind.com\/fr\/societe\/notre-histoire\/#breadcrumb\",\"itemListElement\":[{\"@type\":\"ListItem\",\"position\":1,\"name\":\"Accueil\",\"item\":\"https:\/\/www.welco-ind.com\/fr\/\"},{\"@type\":\"ListItem\",\"position\":2,\"name\":\"\u00c0 propos de Welco Industries\",\"item\":\"https:\/\/www.welco-ind.com\/fr\/societe\/\"},{\"@type\":\"ListItem\",\"position\":3,\"name\":\"Notre histoire\"}]},{\"@type\":\"WebSite\",\"@id\":\"https:\/\/www.welco-ind.com\/fr\/#website\",\"url\":\"https:\/\/www.welco-ind.com\/fr\/\",\"name\":\"WELCO industries\",\"description\":\"Custom motor-compressor solutions for mission-critical cooling systems\",\"potentialAction\":[{\"@type\":\"SearchAction\",\"target\":{\"@type\":\"EntryPoint\",\"urlTemplate\":\"https:\/\/www.welco-ind.com\/fr\/?s={search_term_string}\"},\"query-input\":{\"@type\":\"PropertyValueSpecification\",\"valueRequired\":true,\"valueName\":\"search_term_string\"}}],\"inLanguage\":\"fr-FR\"}]}<\/script>\n<!-- \/ Yoast SEO plugin. -->","yoast_head_json":{"title":"Notre histoire - WELCO industries","description":"WELCO Industries a \u00e9t\u00e9 cr\u00e9\u00e9e en 1976 en France et a commenc\u00e9 \u00e0 d\u00e9velopper en propre la gamme de compresseurs WELCO en 1981.","robots":{"index":"index","follow":"follow","max-snippet":"max-snippet:-1","max-image-preview":"max-image-preview:large","max-video-preview":"max-video-preview:-1"},"canonical":"https:\/\/www.welco-ind.com\/fr\/societe\/notre-histoire\/","og_locale":"fr_FR","og_type":"article","og_title":"Notre histoire - WELCO industries","og_description":"WELCO Industries a \u00e9t\u00e9 cr\u00e9\u00e9e en 1976 en France et a commenc\u00e9 \u00e0 d\u00e9velopper en propre la gamme de compresseurs WELCO en 1981.","og_url":"https:\/\/www.welco-ind.com\/fr\/societe\/notre-histoire\/","og_site_name":"WELCO industries","article_modified_time":"2025-04-03T10:11:32+00:00","twitter_card":"summary_large_image","twitter_misc":{"Dur\u00e9e de lecture estim\u00e9e":"3 minutes"},"schema":{"@context":"https:\/\/schema.org","@graph":[{"@type":"WebPage","@id":"https:\/\/www.welco-ind.com\/fr\/societe\/notre-histoire\/","url":"https:\/\/www.welco-ind.com\/fr\/societe\/notre-histoire\/","name":"Notre histoire - WELCO industries","isPartOf":{"@id":"https:\/\/www.welco-ind.com\/fr\/#website"},"datePublished":"2025-03-14T09:01:05+00:00","dateModified":"2025-04-03T10:11:32+00:00","description":"WELCO Industries a \u00e9t\u00e9 cr\u00e9\u00e9e en 1976 en France et a commenc\u00e9 \u00e0 d\u00e9velopper en propre la gamme de compresseurs WELCO en 1981.","breadcrumb":{"@id":"https:\/\/www.welco-ind.com\/fr\/societe\/notre-histoire\/#breadcrumb"},"inLanguage":"fr-FR","potentialAction":[{"@type":"ReadAction","target":["https:\/\/www.welco-ind.com\/fr\/societe\/notre-histoire\/"]}]},{"@type":"BreadcrumbList","@id":"https:\/\/www.welco-ind.com\/fr\/societe\/notre-histoire\/#breadcrumb","itemListElement":[{"@type":"ListItem","position":1,"name":"Accueil","item":"https:\/\/www.welco-ind.com\/fr\/"},{"@type":"ListItem","position":2,"name":"\u00c0 propos de Welco Industries","item":"https:\/\/www.welco-ind.com\/fr\/societe\/"},{"@type":"ListItem","position":3,"name":"Notre histoire"}]},{"@type":"WebSite","@id":"https:\/\/www.welco-ind.com\/fr\/#website","url":"https:\/\/www.welco-ind.com\/fr\/","name":"WELCO industries","description":"Custom motor-compressor solutions for mission-critical cooling systems","potentialAction":[{"@type":"SearchAction","target":{"@type":"EntryPoint","urlTemplate":"https:\/\/www.welco-ind.com\/fr\/?s={search_term_string}"},"query-input":{"@type":"PropertyValueSpecification","valueRequired":true,"valueName":"search_term_string"}}],"inLanguage":"fr-FR"}]}},"_links":{"self":[{"href":"https:\/\/www.welco-ind.com\/fr\/wp-json\/wp\/v2\/pages\/16947","targetHints":{"allow":["GET"]}}],"collection":[{"href":"https:\/\/www.welco-ind.com\/fr\/wp-json\/wp\/v2\/pages"}],"about":[{"href":"https:\/\/www.welco-ind.com\/fr\/wp-json\/wp\/v2\/types\/page"}],"author":[{"embeddable":true,"href":"https:\/\/www.welco-ind.com\/fr\/wp-json\/wp\/v2\/users\/1"}],"replies":[{"embeddable":true,"href":"https:\/\/www.welco-ind.com\/fr\/wp-json\/wp\/v2\/comments?post=16947"}],"version-history":[{"count":9,"href":"https:\/\/www.welco-ind.com\/fr\/wp-json\/wp\/v2\/pages\/16947\/revisions"}],"predecessor-version":[{"id":17468,"href":"https:\/\/www.welco-ind.com\/fr\/wp-json\/wp\/v2\/pages\/16947\/revisions\/17468"}],"up":[{"embeddable":true,"href":"https:\/\/www.welco-ind.com\/fr\/wp-json\/wp\/v2\/pages\/16945"}],"wp:attachment":[{"href":"https:\/\/www.welco-ind.com\/fr\/wp-json\/wp\/v2\/media?parent=16947"}],"curies":[{"name":"wp","href":"https:\/\/api.w.org\/{rel}","templated":true}]}}