{"id":17026,"date":"2025-03-14T10:08:24","date_gmt":"2025-03-14T09:08:24","guid":{"rendered":"https:\/\/www.welco-ind.com\/?page_id=17026"},"modified":"2025-03-14T18:31:09","modified_gmt":"2025-03-14T17:31:09","slug":"demande-devis","status":"publish","type":"page","link":"https:\/\/www.welco-ind.com\/fr\/demande-devis\/","title":{"rendered":"Demander un devis"},"content":{"rendered":"<div class=\"wpb-content-wrapper\"><p>[vc_row css_animation=\u00a0\u00bb\u00a0\u00bb row_type=\u00a0\u00bbrow\u00a0\u00bb use_row_as_full_screen_section=\u00a0\u00bbno\u00a0\u00bb type=\u00a0\u00bbfull_width\u00a0\u00bb angled_section=\u00a0\u00bbno\u00a0\u00bb text_align=\u00a0\u00bbleft\u00a0\u00bb background_image_as_pattern=\u00a0\u00bbwithout_pattern\u00a0\u00bb css=\u00a0\u00bb.vc_custom_1537472708727{padding-top: 50px !important;padding-bottom: 50px !important;}\u00a0\u00bb z_index=\u00a0\u00bb\u00a0\u00bb][vc_column width=\u00a0\u00bb1\/4&Prime;][\/vc_column][vc_column width=\u00a0\u00bb1\/2&Prime;][vc_column_text]<\/p>\n<p style=\"text-align: center; font-size: 18px; line-height: 22pt;\"><span style=\"font-weight: 400;\">Nous sommes \u00e0 votre service pour toute demande sp\u00e9cifique<\/span><span style=\"font-weight: 400;\">. Nous vous remercions de compl\u00e9ter le formulaire :<\/span><\/p>\n<p>[\/vc_column_text][\/vc_column][vc_column width=\u00a0\u00bb1\/4&Prime;][\/vc_column][\/vc_row][vc_row css_animation=\u00a0\u00bb\u00a0\u00bb row_type=\u00a0\u00bbrow\u00a0\u00bb use_row_as_full_screen_section=\u00a0\u00bbno\u00a0\u00bb type=\u00a0\u00bbfull_width\u00a0\u00bb angled_section=\u00a0\u00bbno\u00a0\u00bb text_align=\u00a0\u00bbleft\u00a0\u00bb background_image_as_pattern=\u00a0\u00bbwithout_pattern\u00a0\u00bb][vc_column width=\u00a0\u00bb1\/4&Prime;][\/vc_column][vc_column width=\u00a0\u00bb1\/2&Prime;]\n<div class=\"wpcf7 no-js\" id=\"wpcf7-f17156-o1\" lang=\"fr-FR\" dir=\"ltr\" data-wpcf7-id=\"17156\">\n<div class=\"screen-reader-response\"><p role=\"status\" aria-live=\"polite\" aria-atomic=\"true\"><\/p> <ul><\/ul><\/div>\n<form action=\"\/fr\/wp-json\/wp\/v2\/pages\/17026#wpcf7-f17156-o1\" method=\"post\" class=\"wpcf7-form init cf7_custom_style_1\" aria-label=\"Formulaire de contact\" novalidate=\"novalidate\" data-status=\"init\">\n<fieldset class=\"hidden-fields-container\"><input type=\"hidden\" name=\"_wpcf7\" value=\"17156\" \/><input type=\"hidden\" name=\"_wpcf7_version\" value=\"6.1.5\" \/><input type=\"hidden\" name=\"_wpcf7_locale\" value=\"fr_FR\" \/><input type=\"hidden\" name=\"_wpcf7_unit_tag\" value=\"wpcf7-f17156-o1\" \/><input type=\"hidden\" name=\"_wpcf7_container_post\" value=\"0\" \/><input type=\"hidden\" name=\"_wpcf7_posted_data_hash\" value=\"\" \/>\n<\/fieldset>\n<p><label> Soci\u00e9t\u00e9 *\n<span class=\"wpcf7-form-control-wrap\" data-name=\"Company\"><input size=\"40\" maxlength=\"400\" class=\"wpcf7-form-control wpcf7-text wpcf7-validates-as-required\" aria-required=\"true\" aria-invalid=\"false\" value=\"\" type=\"text\" name=\"Company\" \/><\/span><\/label><\/p>\n\n<p><label> Nom*\n    <span class=\"wpcf7-form-control-wrap\" data-name=\"your-name\"><input size=\"40\" maxlength=\"400\" class=\"wpcf7-form-control wpcf7-text wpcf7-validates-as-required\" aria-required=\"true\" aria-invalid=\"false\" value=\"\" type=\"text\" name=\"your-name\" \/><\/span> <\/label><\/p>\n\n<p><label> Service*\n    <span class=\"wpcf7-form-control-wrap\" data-name=\"Department\"><input size=\"40\" maxlength=\"400\" class=\"wpcf7-form-control wpcf7-text wpcf7-validates-as-required\" aria-required=\"true\" aria-invalid=\"false\" value=\"\" type=\"text\" name=\"Department\" \/><\/span> <\/label><\/p>\n\n<p><label> Email*\n    <span class=\"wpcf7-form-control-wrap\" data-name=\"your-email\"><input size=\"40\" maxlength=\"400\" class=\"wpcf7-form-control wpcf7-email wpcf7-validates-as-required wpcf7-text wpcf7-validates-as-email\" aria-required=\"true\" aria-invalid=\"false\" value=\"\" type=\"email\" name=\"your-email\" \/><\/span> <\/label><\/p>\n\n<p><label> Tel.*\n<span class=\"wpcf7-form-control-wrap\" data-name=\"Phone\"><input size=\"40\" maxlength=\"400\" class=\"wpcf7-form-control wpcf7-text wpcf7-validates-as-required\" aria-required=\"true\" aria-invalid=\"false\" value=\"\" type=\"text\" name=\"Phone\" \/><\/span><\/label><\/p>\n\n<p>S\u00e9lectionner l'application :\n<span class=\"wpcf7-form-control-wrap\" data-name=\"checkbox-887\"><span class=\"wpcf7-form-control wpcf7-checkbox\"><span class=\"wpcf7-list-item first\"><input type=\"checkbox\" name=\"checkbox-887[]\" value=\"Electronique\" \/><span class=\"wpcf7-list-item-label\">Electronique<\/span><\/span><span class=\"wpcf7-list-item\"><input type=\"checkbox\" name=\"checkbox-887[]\" value=\"Compartiments\" \/><span class=\"wpcf7-list-item-label\">Compartiments<\/span><\/span><span class=\"wpcf7-list-item last\"><input type=\"checkbox\" name=\"checkbox-887[]\" value=\"Climatisation\" \/><span class=\"wpcf7-list-item-label\">Climatisation<\/span><\/span><\/span><\/span><\/p>\n\n<p>S\u00e9lectionner le produit:\n<span class=\"wpcf7-form-control-wrap\" data-name=\"checkbox-210\"><span class=\"wpcf7-form-control wpcf7-checkbox wpcf7-exclusive-checkbox\"><span class=\"wpcf7-list-item first\"><span class=\"wpcf7-list-item-label\">Compresseur<\/span><input type=\"checkbox\" name=\"checkbox-210\" value=\"Compresseur\" \/><\/span><span class=\"wpcf7-list-item last\"><span class=\"wpcf7-list-item-label\">Moteur<\/span><input type=\"checkbox\" name=\"checkbox-210\" value=\"Moteur\" \/><\/span><\/span><\/span><\/p>\n\n<p><label> Caract\u00e9ristiques \u00e9lectriques\n<span class=\"wpcf7-form-control-wrap\" data-name=\"Electrical\"><input size=\"40\" maxlength=\"400\" class=\"wpcf7-form-control wpcf7-text\" aria-invalid=\"false\" value=\"\" type=\"text\" name=\"Electrical\" \/><\/span><\/label><\/p>\n\n<p><label> Capacit\u00e9 frigorifique\n<span class=\"wpcf7-form-control-wrap\" data-name=\"Capacity\"><input size=\"40\" maxlength=\"400\" class=\"wpcf7-form-control wpcf7-text\" aria-invalid=\"false\" value=\"\" type=\"text\" name=\"Capacity\" \/><\/span><\/label><\/p>\n\n<p><label> Refrig\u00e9rant\n<span class=\"wpcf7-form-control-wrap\" data-name=\"Refrigerant\"><input size=\"40\" maxlength=\"400\" class=\"wpcf7-form-control wpcf7-text\" aria-invalid=\"false\" value=\"\" type=\"text\" name=\"Refrigerant\" \/><\/span><\/label><\/p>\n\n\n<p><label> Commentaires\n    <span class=\"wpcf7-form-control-wrap\" data-name=\"your-message\"><textarea cols=\"40\" rows=\"10\" maxlength=\"2000\" class=\"wpcf7-form-control wpcf7-textarea\" aria-invalid=\"false\" name=\"your-message\">(conditions particuli\u00e8res\u2026)<\/textarea><\/span> <\/label>\n\n<span id=\"wpcf7-69f05907654fe-wrapper\" class=\"wpcf7-form-control-wrap honeypot-234-wrap\" style=\"display:none !important; visibility:hidden !important;\"><label for=\"wpcf7-69f05907654fe-field\" class=\"hp-message\">Veuillez laisser ce champ vide.<\/label><input id=\"wpcf7-69f05907654fe-field\"  class=\"wpcf7-form-control wpcf7-text\" type=\"text\" name=\"honeypot-234\" value=\"\" size=\"40\" tabindex=\"-1\" autocomplete=\"new-password\" \/><\/span>\n\n<p><span class=\"wpcf7-form-control-wrap\" data-name=\"checkbox-66\"><span class=\"wpcf7-form-control wpcf7-checkbox wpcf7-validates-as-required\"><span class=\"wpcf7-list-item first last\"><input type=\"checkbox\" name=\"checkbox-66[]\" value=\"J&#039;accepte que mes donn\u00e9es soient trait\u00e9es par Welco Industries.*\" \/><span class=\"wpcf7-list-item-label\">J&#039;accepte que mes donn\u00e9es soient trait\u00e9es par Welco Industries.*<\/span><\/span><\/span><\/span><\/p>\n\n<p><input class=\"wpcf7-form-control wpcf7-submit has-spinner\" type=\"submit\" value=\"ENVOYER\" \/><\/p><div class=\"wpcf7-response-output\" aria-hidden=\"true\"><\/div>\n<\/form>\n<\/div>\n[vc_separator type=\u00a0\u00bbtransparent\u00a0\u00bb up=\u00a0\u00bb26&Prime;][vc_column_text]<\/p>\n<p style=\"font-size: 13px;\">Pour plus d&rsquo;informations sur le traitement de vos donn\u00e9es, consultez notre <a href=\"https:\/\/www.welco-ind.com\/fr\/politique-confidentialite\/\" target=\"_blank\" rel=\"noopener noreferrer\">politique de confidentialit\u00e9<\/a>.<\/p>\n<p>[\/vc_column_text][\/vc_column][vc_column width=\u00a0\u00bb1\/4&Prime;][\/vc_column][\/vc_row][vc_row css_animation=\u00a0\u00bb\u00a0\u00bb row_type=\u00a0\u00bbrow\u00a0\u00bb use_row_as_full_screen_section=\u00a0\u00bbno\u00a0\u00bb type=\u00a0\u00bbfull_width\u00a0\u00bb angled_section=\u00a0\u00bbno\u00a0\u00bb text_align=\u00a0\u00bbleft\u00a0\u00bb background_image_as_pattern=\u00a0\u00bbwithout_pattern\u00a0\u00bb][vc_column][vc_empty_space height=\u00a0\u00bb50px\u00a0\u00bb][\/vc_column][\/vc_row]<\/p>\n<\/div>","protected":false},"excerpt":{"rendered":"<p>[vc_row css_animation=\u00a0\u00bb\u00a0\u00bb row_type=\u00a0\u00bbrow\u00a0\u00bb use_row_as_full_screen_section=\u00a0\u00bbno\u00a0\u00bb type=\u00a0\u00bbfull_width\u00a0\u00bb angled_section=\u00a0\u00bbno\u00a0\u00bb text_align=\u00a0\u00bbleft\u00a0\u00bb background_image_as_pattern=\u00a0\u00bbwithout_pattern\u00a0\u00bb css=\u00a0\u00bb.vc_custom_1537472708727{padding-top: 50px !important;padding-bottom: 50px !important;}\u00a0\u00bb z_index=\u00a0\u00bb\u00a0\u00bb][vc_column width=\u00a0\u00bb1\/4&Prime;][\/vc_column][vc_column width=\u00a0\u00bb1\/2&Prime;][vc_column_text] Nous sommes \u00e0 votre service pour toute demande sp\u00e9cifique. Nous vous remercions de compl\u00e9ter le formulaire : [\/vc_column_text][\/vc_column][vc_column width=\u00a0\u00bb1\/4&Prime;][\/vc_column][\/vc_row][vc_row css_animation=\u00a0\u00bb\u00a0\u00bb row_type=\u00a0\u00bbrow\u00a0\u00bb use_row_as_full_screen_section=\u00a0\u00bbno\u00a0\u00bb type=\u00a0\u00bbfull_width\u00a0\u00bb angled_section=\u00a0\u00bbno\u00a0\u00bb text_align=\u00a0\u00bbleft\u00a0\u00bb background_image_as_pattern=\u00a0\u00bbwithout_pattern\u00a0\u00bb][vc_column width=\u00a0\u00bb1\/4&Prime;][\/vc_column][vc_column width=\u00a0\u00bb1\/2&Prime;][vc_separator type=\u00a0\u00bbtransparent\u00a0\u00bb&#8230;<\/p>\n","protected":false},"author":1,"featured_media":0,"parent":0,"menu_order":0,"comment_status":"closed","ping_status":"closed","template":"full_width.php","meta":{"footnotes":""},"class_list":["post-17026","page","type-page","status-publish","hentry"],"yoast_head":"<!-- This site is optimized with the Yoast SEO plugin v27.4 - https:\/\/yoast.com\/product\/yoast-seo-wordpress\/ -->\n<title>Demander un devis - WELCO industries<\/title>\n<meta name=\"robots\" content=\"index, follow, max-snippet:-1, max-image-preview:large, max-video-preview:-1\" \/>\n<link rel=\"canonical\" href=\"https:\/\/www.welco-ind.com\/fr\/demande-devis\/\" \/>\n<meta property=\"og:locale\" content=\"fr_FR\" \/>\n<meta property=\"og:type\" content=\"article\" \/>\n<meta property=\"og:title\" content=\"Demander un devis - WELCO industries\" \/>\n<meta property=\"og:description\" content=\"[vc_row css_animation=\u00a0\u00bb\u00a0\u00bb row_type=\u00a0\u00bbrow\u00a0\u00bb use_row_as_full_screen_section=\u00a0\u00bbno\u00a0\u00bb type=\u00a0\u00bbfull_width\u00a0\u00bb angled_section=\u00a0\u00bbno\u00a0\u00bb text_align=\u00a0\u00bbleft\u00a0\u00bb background_image_as_pattern=\u00a0\u00bbwithout_pattern\u00a0\u00bb css=\u00a0\u00bb.vc_custom_1537472708727{padding-top: 50px !important;padding-bottom: 50px !important;}\u00a0\u00bb z_index=\u00a0\u00bb\u00a0\u00bb][vc_column width=\u00a0\u00bb1\/4&Prime;][\/vc_column][vc_column width=\u00a0\u00bb1\/2&Prime;][vc_column_text] Nous sommes \u00e0 votre service pour toute demande sp\u00e9cifique. Nous vous remercions de compl\u00e9ter le formulaire : [\/vc_column_text][\/vc_column][vc_column width=\u00a0\u00bb1\/4&Prime;][\/vc_column][\/vc_row][vc_row css_animation=\u00a0\u00bb\u00a0\u00bb row_type=\u00a0\u00bbrow\u00a0\u00bb use_row_as_full_screen_section=\u00a0\u00bbno\u00a0\u00bb type=\u00a0\u00bbfull_width\u00a0\u00bb angled_section=\u00a0\u00bbno\u00a0\u00bb text_align=\u00a0\u00bbleft\u00a0\u00bb background_image_as_pattern=\u00a0\u00bbwithout_pattern\u00a0\u00bb][vc_column width=\u00a0\u00bb1\/4&Prime;][\/vc_column][vc_column width=\u00a0\u00bb1\/2&Prime;][vc_separator type=\u00a0\u00bbtransparent\u00a0\u00bb...\" \/>\n<meta property=\"og:url\" content=\"https:\/\/www.welco-ind.com\/fr\/demande-devis\/\" \/>\n<meta property=\"og:site_name\" content=\"WELCO industries\" \/>\n<meta property=\"article:modified_time\" content=\"2025-03-14T17:31:09+00:00\" \/>\n<meta name=\"twitter:card\" content=\"summary_large_image\" \/>\n<meta name=\"twitter:label1\" content=\"Dur\u00e9e de lecture estim\u00e9e\" \/>\n\t<meta name=\"twitter:data1\" content=\"1 minute\" \/>\n<script type=\"application\/ld+json\" class=\"yoast-schema-graph\">{\"@context\":\"https:\\\/\\\/schema.org\",\"@graph\":[{\"@type\":\"WebPage\",\"@id\":\"https:\\\/\\\/www.welco-ind.com\\\/fr\\\/demande-devis\\\/\",\"url\":\"https:\\\/\\\/www.welco-ind.com\\\/fr\\\/demande-devis\\\/\",\"name\":\"Demander un devis - WELCO industries\",\"isPartOf\":{\"@id\":\"https:\\\/\\\/www.welco-ind.com\\\/fr\\\/#website\"},\"datePublished\":\"2025-03-14T09:08:24+00:00\",\"dateModified\":\"2025-03-14T17:31:09+00:00\",\"breadcrumb\":{\"@id\":\"https:\\\/\\\/www.welco-ind.com\\\/fr\\\/demande-devis\\\/#breadcrumb\"},\"inLanguage\":\"fr-FR\",\"potentialAction\":[{\"@type\":\"ReadAction\",\"target\":[\"https:\\\/\\\/www.welco-ind.com\\\/fr\\\/demande-devis\\\/\"]}]},{\"@type\":\"BreadcrumbList\",\"@id\":\"https:\\\/\\\/www.welco-ind.com\\\/fr\\\/demande-devis\\\/#breadcrumb\",\"itemListElement\":[{\"@type\":\"ListItem\",\"position\":1,\"name\":\"Accueil\",\"item\":\"https:\\\/\\\/www.welco-ind.com\\\/fr\\\/\"},{\"@type\":\"ListItem\",\"position\":2,\"name\":\"Demander un devis\"}]},{\"@type\":\"WebSite\",\"@id\":\"https:\\\/\\\/www.welco-ind.com\\\/fr\\\/#website\",\"url\":\"https:\\\/\\\/www.welco-ind.com\\\/fr\\\/\",\"name\":\"WELCO industries\",\"description\":\"Custom motor-compressor solutions for mission-critical cooling systems\",\"potentialAction\":[{\"@type\":\"SearchAction\",\"target\":{\"@type\":\"EntryPoint\",\"urlTemplate\":\"https:\\\/\\\/www.welco-ind.com\\\/fr\\\/?s={search_term_string}\"},\"query-input\":{\"@type\":\"PropertyValueSpecification\",\"valueRequired\":true,\"valueName\":\"search_term_string\"}}],\"inLanguage\":\"fr-FR\"}]}<\/script>\n<!-- \/ Yoast SEO plugin. -->","yoast_head_json":{"title":"Demander un devis - WELCO industries","robots":{"index":"index","follow":"follow","max-snippet":"max-snippet:-1","max-image-preview":"max-image-preview:large","max-video-preview":"max-video-preview:-1"},"canonical":"https:\/\/www.welco-ind.com\/fr\/demande-devis\/","og_locale":"fr_FR","og_type":"article","og_title":"Demander un devis - WELCO industries","og_description":"[vc_row css_animation=\u00a0\u00bb\u00a0\u00bb row_type=\u00a0\u00bbrow\u00a0\u00bb use_row_as_full_screen_section=\u00a0\u00bbno\u00a0\u00bb type=\u00a0\u00bbfull_width\u00a0\u00bb angled_section=\u00a0\u00bbno\u00a0\u00bb text_align=\u00a0\u00bbleft\u00a0\u00bb background_image_as_pattern=\u00a0\u00bbwithout_pattern\u00a0\u00bb css=\u00a0\u00bb.vc_custom_1537472708727{padding-top: 50px !important;padding-bottom: 50px !important;}\u00a0\u00bb z_index=\u00a0\u00bb\u00a0\u00bb][vc_column width=\u00a0\u00bb1\/4&Prime;][\/vc_column][vc_column width=\u00a0\u00bb1\/2&Prime;][vc_column_text] Nous sommes \u00e0 votre service pour toute demande sp\u00e9cifique. Nous vous remercions de compl\u00e9ter le formulaire : [\/vc_column_text][\/vc_column][vc_column width=\u00a0\u00bb1\/4&Prime;][\/vc_column][\/vc_row][vc_row css_animation=\u00a0\u00bb\u00a0\u00bb row_type=\u00a0\u00bbrow\u00a0\u00bb use_row_as_full_screen_section=\u00a0\u00bbno\u00a0\u00bb type=\u00a0\u00bbfull_width\u00a0\u00bb angled_section=\u00a0\u00bbno\u00a0\u00bb text_align=\u00a0\u00bbleft\u00a0\u00bb background_image_as_pattern=\u00a0\u00bbwithout_pattern\u00a0\u00bb][vc_column width=\u00a0\u00bb1\/4&Prime;][\/vc_column][vc_column width=\u00a0\u00bb1\/2&Prime;][vc_separator type=\u00a0\u00bbtransparent\u00a0\u00bb...","og_url":"https:\/\/www.welco-ind.com\/fr\/demande-devis\/","og_site_name":"WELCO industries","article_modified_time":"2025-03-14T17:31:09+00:00","twitter_card":"summary_large_image","twitter_misc":{"Dur\u00e9e de lecture estim\u00e9e":"1 minute"},"schema":{"@context":"https:\/\/schema.org","@graph":[{"@type":"WebPage","@id":"https:\/\/www.welco-ind.com\/fr\/demande-devis\/","url":"https:\/\/www.welco-ind.com\/fr\/demande-devis\/","name":"Demander un devis - WELCO industries","isPartOf":{"@id":"https:\/\/www.welco-ind.com\/fr\/#website"},"datePublished":"2025-03-14T09:08:24+00:00","dateModified":"2025-03-14T17:31:09+00:00","breadcrumb":{"@id":"https:\/\/www.welco-ind.com\/fr\/demande-devis\/#breadcrumb"},"inLanguage":"fr-FR","potentialAction":[{"@type":"ReadAction","target":["https:\/\/www.welco-ind.com\/fr\/demande-devis\/"]}]},{"@type":"BreadcrumbList","@id":"https:\/\/www.welco-ind.com\/fr\/demande-devis\/#breadcrumb","itemListElement":[{"@type":"ListItem","position":1,"name":"Accueil","item":"https:\/\/www.welco-ind.com\/fr\/"},{"@type":"ListItem","position":2,"name":"Demander un devis"}]},{"@type":"WebSite","@id":"https:\/\/www.welco-ind.com\/fr\/#website","url":"https:\/\/www.welco-ind.com\/fr\/","name":"WELCO industries","description":"Custom motor-compressor solutions for mission-critical cooling systems","potentialAction":[{"@type":"SearchAction","target":{"@type":"EntryPoint","urlTemplate":"https:\/\/www.welco-ind.com\/fr\/?s={search_term_string}"},"query-input":{"@type":"PropertyValueSpecification","valueRequired":true,"valueName":"search_term_string"}}],"inLanguage":"fr-FR"}]}},"_links":{"self":[{"href":"https:\/\/www.welco-ind.com\/fr\/wp-json\/wp\/v2\/pages\/17026","targetHints":{"allow":["GET"]}}],"collection":[{"href":"https:\/\/www.welco-ind.com\/fr\/wp-json\/wp\/v2\/pages"}],"about":[{"href":"https:\/\/www.welco-ind.com\/fr\/wp-json\/wp\/v2\/types\/page"}],"author":[{"embeddable":true,"href":"https:\/\/www.welco-ind.com\/fr\/wp-json\/wp\/v2\/users\/1"}],"replies":[{"embeddable":true,"href":"https:\/\/www.welco-ind.com\/fr\/wp-json\/wp\/v2\/comments?post=17026"}],"version-history":[{"count":4,"href":"https:\/\/www.welco-ind.com\/fr\/wp-json\/wp\/v2\/pages\/17026\/revisions"}],"predecessor-version":[{"id":17171,"href":"https:\/\/www.welco-ind.com\/fr\/wp-json\/wp\/v2\/pages\/17026\/revisions\/17171"}],"wp:attachment":[{"href":"https:\/\/www.welco-ind.com\/fr\/wp-json\/wp\/v2\/media?parent=17026"}],"curies":[{"name":"wp","href":"https:\/\/api.w.org\/{rel}","templated":true}]}}