{"id":17028,"date":"2025-03-14T10:09:48","date_gmt":"2025-03-14T09:09:48","guid":{"rendered":"https:\/\/www.welco-ind.com\/?page_id=17028"},"modified":"2025-03-14T19:29:49","modified_gmt":"2025-03-14T18:29:49","slug":"mentions-legales","status":"publish","type":"page","link":"https:\/\/www.welco-ind.com\/fr\/mentions-legales\/","title":{"rendered":"Mentions l\u00e9gales"},"content":{"rendered":"<div class=\"wpb-content-wrapper\"><p>[vc_row css_animation=\u00a0\u00bb\u00a0\u00bb row_type=\u00a0\u00bbrow\u00a0\u00bb use_row_as_full_screen_section=\u00a0\u00bbno\u00a0\u00bb type=\u00a0\u00bbfull_width\u00a0\u00bb angled_section=\u00a0\u00bbno\u00a0\u00bb text_align=\u00a0\u00bbleft\u00a0\u00bb background_image_as_pattern=\u00a0\u00bbwithout_pattern\u00a0\u00bb][vc_column][vc_empty_space height=\u00a0\u00bb200&Prime;][\/vc_column][\/vc_row][vc_row css_animation=\u00a0\u00bb\u00a0\u00bb row_type=\u00a0\u00bbrow\u00a0\u00bb use_row_as_full_screen_section=\u00a0\u00bbno\u00a0\u00bb type=\u00a0\u00bbfull_width\u00a0\u00bb angled_section=\u00a0\u00bbno\u00a0\u00bb text_align=\u00a0\u00bbleft\u00a0\u00bb background_image_as_pattern=\u00a0\u00bbwithout_pattern\u00a0\u00bb][vc_column width=\u00a0\u00bb1\/12&Prime;][\/vc_column][vc_column width=\u00a0\u00bb10\/12&Prime;][vc_column_text css=\u00a0\u00bb\u00a0\u00bb]<strong>Conform\u00e9ment aux dispositions de la loi n\u00b0 2004-575 du 21 juin 2004 pour la confiance en l\u2019\u00e9conomie num\u00e9rique, il est pr\u00e9cis\u00e9 aux utilisateurs du site www.welco-ind.com l\u2019identit\u00e9 des diff\u00e9rents intervenants dans le cadre de sa r\u00e9alisation et de son suivi<\/strong><\/p>\n<p>&nbsp;<\/p>\n<p><strong>Site web : www.welco-ind.com<\/strong><br \/>\nPropri\u00e9taire : SAS WELCO Industries<br \/>\nAdresse : 4 route de la Vall\u00e9e, Quartier de l&rsquo;Usine, 05300 LE PO\u00cbT, FRANCE<br \/>\nTel : +33 492 65 72 08<br \/>\nEmail : contact@welco-ind.com<\/p>\n<p>SIRET : 52842031800016<br \/>\nCapital Social : 11 500,00 \u20ac<\/p>\n<p>&nbsp;<\/p>\n<p class=\"tw-data-text tw-ta tw-text-small\" dir=\"ltr\" data-placeholder=\"Traduction\"><span lang=\"en\"><strong>Directeur de publication, repr\u00e9sentant l\u00e9gal<\/strong>: Charlotte Bourgeois <\/span><\/p>\n<p class=\"tw-data-text tw-ta tw-text-small\" dir=\"ltr\" data-placeholder=\"Traduction\"><span lang=\"en\">Conception et design du site web :\u00a0 <a href=\"https:\/\/www.digibloom.fr\">DIGIBLOOM<\/a><\/span><\/p>\n<p class=\"tw-data-text tw-ta tw-text-small\" dir=\"ltr\" data-placeholder=\"Traduction\"><span lang=\"en\">H\u00e9bergement<\/span>: 1and1 Ionos Internet SARL, 7 place de la Gare, BP 70109, 57201 Sarreguemines Cedex<\/p>\n<p class=\"tw-data-text tw-ta tw-text-small\" dir=\"ltr\" data-placeholder=\"Traduction\"><span lang=\"en\"><strong>Loi informatique et libert\u00e9<\/strong> : Tout utilisateur dispose d\u2019un droit d\u2019acc\u00e8s, de modification, de rectification et de suppression des donn\u00e9es qui le concerne, conform\u00e9ment \u00e0 la loi n\u00b0 7817 du 6\/01\/78 (Informatique et Libert\u00e9), en s\u2019adressant \u00e0 contact@welco-ind.com<\/span><\/p>\n<p class=\"tw-data-text tw-ta tw-text-small\" dir=\"ltr\" data-placeholder=\"Traduction\"><span lang=\"en\"><strong>Propri\u00e9t\u00e9<\/strong>: Le site et les informations qu\u2019il contient sont prot\u00e9g\u00e9s par la loi fran\u00e7aise sur la propri\u00e9t\u00e9 intellectuelle et par les conventions internationales. Hors utilisation dans le cercle de famille ou usage priv\u00e9, le site et aucun \u00e9l\u00e9ment de son contenu ne peuvent \u00eatre reproduits, republi\u00e9s, retranscrits, modifi\u00e9s ou retransmis sans l\u2019autorisation pr\u00e9alable des ayants droit.<\/span><\/p>\n<p class=\"tw-data-text tw-ta tw-text-small\" dir=\"ltr\" data-placeholder=\"Traduction\"><span lang=\"en\"><strong>Credits Photos :<\/strong> Shutterstock, Visualhunt, Wikimedia, Unsplash, Pexels, Adobe Stock<\/span><\/p>\n<p>[\/vc_column_text][vc_empty_space height=\u00a0\u00bb50px\u00a0\u00bb][\/vc_column][vc_column width=\u00a0\u00bb1\/12&Prime;][\/vc_column][\/vc_row]<\/p>\n<\/div>","protected":false},"excerpt":{"rendered":"<p>[vc_row css_animation=\u00a0\u00bb\u00a0\u00bb row_type=\u00a0\u00bbrow\u00a0\u00bb use_row_as_full_screen_section=\u00a0\u00bbno\u00a0\u00bb type=\u00a0\u00bbfull_width\u00a0\u00bb angled_section=\u00a0\u00bbno\u00a0\u00bb text_align=\u00a0\u00bbleft\u00a0\u00bb background_image_as_pattern=\u00a0\u00bbwithout_pattern\u00a0\u00bb][vc_column][vc_empty_space height=\u00a0\u00bb200&Prime;][\/vc_column][\/vc_row][vc_row css_animation=\u00a0\u00bb\u00a0\u00bb row_type=\u00a0\u00bbrow\u00a0\u00bb use_row_as_full_screen_section=\u00a0\u00bbno\u00a0\u00bb type=\u00a0\u00bbfull_width\u00a0\u00bb angled_section=\u00a0\u00bbno\u00a0\u00bb text_align=\u00a0\u00bbleft\u00a0\u00bb background_image_as_pattern=\u00a0\u00bbwithout_pattern\u00a0\u00bb][vc_column width=\u00a0\u00bb1\/12&Prime;][\/vc_column][vc_column width=\u00a0\u00bb10\/12&Prime;][vc_column_text css=\u00a0\u00bb\u00a0\u00bb]Conform\u00e9ment aux dispositions de la loi n\u00b0 2004-575 du 21 juin 2004 pour la confiance en l\u2019\u00e9conomie num\u00e9rique, il est pr\u00e9cis\u00e9 aux utilisateurs du site www.welco-ind.com l\u2019identit\u00e9&#8230;<\/p>\n","protected":false},"author":1,"featured_media":0,"parent":0,"menu_order":0,"comment_status":"closed","ping_status":"closed","template":"","meta":{"footnotes":""},"class_list":["post-17028","page","type-page","status-publish","hentry"],"yoast_head":"<!-- This site is optimized with the Yoast SEO plugin v27.3 - https:\/\/yoast.com\/product\/yoast-seo-wordpress\/ -->\n<title>Mentions l\u00e9gales - WELCO industries<\/title>\n<meta name=\"robots\" content=\"noindex, follow\" \/>\n<meta property=\"og:locale\" content=\"fr_FR\" \/>\n<meta property=\"og:type\" content=\"article\" \/>\n<meta property=\"og:title\" content=\"Mentions l\u00e9gales - WELCO industries\" \/>\n<meta property=\"og:description\" content=\"[vc_row css_animation=\u00a0\u00bb\u00a0\u00bb row_type=\u00a0\u00bbrow\u00a0\u00bb use_row_as_full_screen_section=\u00a0\u00bbno\u00a0\u00bb type=\u00a0\u00bbfull_width\u00a0\u00bb angled_section=\u00a0\u00bbno\u00a0\u00bb text_align=\u00a0\u00bbleft\u00a0\u00bb background_image_as_pattern=\u00a0\u00bbwithout_pattern\u00a0\u00bb][vc_column][vc_empty_space height=\u00a0\u00bb200&Prime;][\/vc_column][\/vc_row][vc_row css_animation=\u00a0\u00bb\u00a0\u00bb row_type=\u00a0\u00bbrow\u00a0\u00bb use_row_as_full_screen_section=\u00a0\u00bbno\u00a0\u00bb type=\u00a0\u00bbfull_width\u00a0\u00bb angled_section=\u00a0\u00bbno\u00a0\u00bb text_align=\u00a0\u00bbleft\u00a0\u00bb background_image_as_pattern=\u00a0\u00bbwithout_pattern\u00a0\u00bb][vc_column width=\u00a0\u00bb1\/12&Prime;][\/vc_column][vc_column width=\u00a0\u00bb10\/12&Prime;][vc_column_text css=\u00a0\u00bb\u00a0\u00bb]Conform\u00e9ment aux dispositions de la loi n\u00b0 2004-575 du 21 juin 2004 pour la confiance en l\u2019\u00e9conomie num\u00e9rique, il est pr\u00e9cis\u00e9 aux utilisateurs du site www.welco-ind.com l\u2019identit\u00e9...\" \/>\n<meta property=\"og:url\" content=\"https:\/\/www.welco-ind.com\/fr\/mentions-legales\/\" \/>\n<meta property=\"og:site_name\" content=\"WELCO industries\" \/>\n<meta property=\"article:modified_time\" content=\"2025-03-14T18:29:49+00:00\" \/>\n<meta name=\"twitter:card\" content=\"summary_large_image\" \/>\n<meta name=\"twitter:label1\" content=\"Dur\u00e9e de lecture estim\u00e9e\" \/>\n\t<meta name=\"twitter:data1\" content=\"2 minutes\" \/>\n<script type=\"application\/ld+json\" class=\"yoast-schema-graph\">{\"@context\":\"https:\\\/\\\/schema.org\",\"@graph\":[{\"@type\":\"WebPage\",\"@id\":\"https:\\\/\\\/www.welco-ind.com\\\/fr\\\/mentions-legales\\\/\",\"url\":\"https:\\\/\\\/www.welco-ind.com\\\/fr\\\/mentions-legales\\\/\",\"name\":\"Mentions l\u00e9gales - WELCO industries\",\"isPartOf\":{\"@id\":\"https:\\\/\\\/www.welco-ind.com\\\/fr\\\/#website\"},\"datePublished\":\"2025-03-14T09:09:48+00:00\",\"dateModified\":\"2025-03-14T18:29:49+00:00\",\"breadcrumb\":{\"@id\":\"https:\\\/\\\/www.welco-ind.com\\\/fr\\\/mentions-legales\\\/#breadcrumb\"},\"inLanguage\":\"fr-FR\",\"potentialAction\":[{\"@type\":\"ReadAction\",\"target\":[\"https:\\\/\\\/www.welco-ind.com\\\/fr\\\/mentions-legales\\\/\"]}]},{\"@type\":\"BreadcrumbList\",\"@id\":\"https:\\\/\\\/www.welco-ind.com\\\/fr\\\/mentions-legales\\\/#breadcrumb\",\"itemListElement\":[{\"@type\":\"ListItem\",\"position\":1,\"name\":\"Accueil\",\"item\":\"https:\\\/\\\/www.welco-ind.com\\\/fr\\\/\"},{\"@type\":\"ListItem\",\"position\":2,\"name\":\"Mentions l\u00e9gales\"}]},{\"@type\":\"WebSite\",\"@id\":\"https:\\\/\\\/www.welco-ind.com\\\/fr\\\/#website\",\"url\":\"https:\\\/\\\/www.welco-ind.com\\\/fr\\\/\",\"name\":\"WELCO industries\",\"description\":\"Custom motor-compressor solutions for mission-critical cooling systems\",\"potentialAction\":[{\"@type\":\"SearchAction\",\"target\":{\"@type\":\"EntryPoint\",\"urlTemplate\":\"https:\\\/\\\/www.welco-ind.com\\\/fr\\\/?s={search_term_string}\"},\"query-input\":{\"@type\":\"PropertyValueSpecification\",\"valueRequired\":true,\"valueName\":\"search_term_string\"}}],\"inLanguage\":\"fr-FR\"}]}<\/script>\n<!-- \/ Yoast SEO plugin. -->","yoast_head_json":{"title":"Mentions l\u00e9gales - WELCO industries","robots":{"index":"noindex","follow":"follow"},"og_locale":"fr_FR","og_type":"article","og_title":"Mentions l\u00e9gales - WELCO industries","og_description":"[vc_row css_animation=\u00a0\u00bb\u00a0\u00bb row_type=\u00a0\u00bbrow\u00a0\u00bb use_row_as_full_screen_section=\u00a0\u00bbno\u00a0\u00bb type=\u00a0\u00bbfull_width\u00a0\u00bb angled_section=\u00a0\u00bbno\u00a0\u00bb text_align=\u00a0\u00bbleft\u00a0\u00bb background_image_as_pattern=\u00a0\u00bbwithout_pattern\u00a0\u00bb][vc_column][vc_empty_space height=\u00a0\u00bb200&Prime;][\/vc_column][\/vc_row][vc_row css_animation=\u00a0\u00bb\u00a0\u00bb row_type=\u00a0\u00bbrow\u00a0\u00bb use_row_as_full_screen_section=\u00a0\u00bbno\u00a0\u00bb type=\u00a0\u00bbfull_width\u00a0\u00bb angled_section=\u00a0\u00bbno\u00a0\u00bb text_align=\u00a0\u00bbleft\u00a0\u00bb background_image_as_pattern=\u00a0\u00bbwithout_pattern\u00a0\u00bb][vc_column width=\u00a0\u00bb1\/12&Prime;][\/vc_column][vc_column width=\u00a0\u00bb10\/12&Prime;][vc_column_text css=\u00a0\u00bb\u00a0\u00bb]Conform\u00e9ment aux dispositions de la loi n\u00b0 2004-575 du 21 juin 2004 pour la confiance en l\u2019\u00e9conomie num\u00e9rique, il est pr\u00e9cis\u00e9 aux utilisateurs du site www.welco-ind.com l\u2019identit\u00e9...","og_url":"https:\/\/www.welco-ind.com\/fr\/mentions-legales\/","og_site_name":"WELCO industries","article_modified_time":"2025-03-14T18:29:49+00:00","twitter_card":"summary_large_image","twitter_misc":{"Dur\u00e9e de lecture estim\u00e9e":"2 minutes"},"schema":{"@context":"https:\/\/schema.org","@graph":[{"@type":"WebPage","@id":"https:\/\/www.welco-ind.com\/fr\/mentions-legales\/","url":"https:\/\/www.welco-ind.com\/fr\/mentions-legales\/","name":"Mentions l\u00e9gales - WELCO industries","isPartOf":{"@id":"https:\/\/www.welco-ind.com\/fr\/#website"},"datePublished":"2025-03-14T09:09:48+00:00","dateModified":"2025-03-14T18:29:49+00:00","breadcrumb":{"@id":"https:\/\/www.welco-ind.com\/fr\/mentions-legales\/#breadcrumb"},"inLanguage":"fr-FR","potentialAction":[{"@type":"ReadAction","target":["https:\/\/www.welco-ind.com\/fr\/mentions-legales\/"]}]},{"@type":"BreadcrumbList","@id":"https:\/\/www.welco-ind.com\/fr\/mentions-legales\/#breadcrumb","itemListElement":[{"@type":"ListItem","position":1,"name":"Accueil","item":"https:\/\/www.welco-ind.com\/fr\/"},{"@type":"ListItem","position":2,"name":"Mentions l\u00e9gales"}]},{"@type":"WebSite","@id":"https:\/\/www.welco-ind.com\/fr\/#website","url":"https:\/\/www.welco-ind.com\/fr\/","name":"WELCO industries","description":"Custom motor-compressor solutions for mission-critical cooling systems","potentialAction":[{"@type":"SearchAction","target":{"@type":"EntryPoint","urlTemplate":"https:\/\/www.welco-ind.com\/fr\/?s={search_term_string}"},"query-input":{"@type":"PropertyValueSpecification","valueRequired":true,"valueName":"search_term_string"}}],"inLanguage":"fr-FR"}]}},"_links":{"self":[{"href":"https:\/\/www.welco-ind.com\/fr\/wp-json\/wp\/v2\/pages\/17028","targetHints":{"allow":["GET"]}}],"collection":[{"href":"https:\/\/www.welco-ind.com\/fr\/wp-json\/wp\/v2\/pages"}],"about":[{"href":"https:\/\/www.welco-ind.com\/fr\/wp-json\/wp\/v2\/types\/page"}],"author":[{"embeddable":true,"href":"https:\/\/www.welco-ind.com\/fr\/wp-json\/wp\/v2\/users\/1"}],"replies":[{"embeddable":true,"href":"https:\/\/www.welco-ind.com\/fr\/wp-json\/wp\/v2\/comments?post=17028"}],"version-history":[{"count":3,"href":"https:\/\/www.welco-ind.com\/fr\/wp-json\/wp\/v2\/pages\/17028\/revisions"}],"predecessor-version":[{"id":17174,"href":"https:\/\/www.welco-ind.com\/fr\/wp-json\/wp\/v2\/pages\/17028\/revisions\/17174"}],"wp:attachment":[{"href":"https:\/\/www.welco-ind.com\/fr\/wp-json\/wp\/v2\/media?parent=17028"}],"curies":[{"name":"wp","href":"https:\/\/api.w.org\/{rel}","templated":true}]}}