{"id":18,"date":"2025-03-10T14:31:33","date_gmt":"2025-03-10T13:31:33","guid":{"rendered":"https:\/\/www.welco-ind.com\/?page_id=18"},"modified":"2025-04-03T10:23:53","modified_gmt":"2025-04-03T09:23:53","slug":"accueil","status":"publish","type":"page","link":"https:\/\/www.welco-ind.com\/fr\/","title":{"rendered":"Accueil"},"content":{"rendered":"<div class=\"wpb-content-wrapper\"><p>[vc_row css_animation=\u00a0\u00bb\u00a0\u00bb row_type=\u00a0\u00bbrow\u00a0\u00bb use_row_as_full_screen_section=\u00a0\u00bbno\u00a0\u00bb type=\u00a0\u00bbfull_width\u00a0\u00bb angled_section=\u00a0\u00bbno\u00a0\u00bb text_align=\u00a0\u00bbleft\u00a0\u00bb background_image_as_pattern=\u00a0\u00bbwithout_pattern\u00a0\u00bb][vc_column offset=\u00a0\u00bbvc_hidden-sm vc_hidden-xs\u00a0\u00bb][rev_slider_vc alias=\u00a0\u00bbhome-v5-fr\u00a0\u00bb][\/vc_column][\/vc_row][vc_row css_animation=\u00a0\u00bb\u00a0\u00bb row_type=\u00a0\u00bbrow\u00a0\u00bb use_row_as_full_screen_section=\u00a0\u00bbno\u00a0\u00bb type=\u00a0\u00bbfull_width\u00a0\u00bb angled_section=\u00a0\u00bbno\u00a0\u00bb text_align=\u00a0\u00bbleft\u00a0\u00bb background_image_as_pattern=\u00a0\u00bbwithout_pattern\u00a0\u00bb][vc_column offset=\u00a0\u00bbvc_hidden-lg vc_hidden-md\u00a0\u00bb][rev_slider_vc alias=\u00a0\u00bbhome-v5-fr-1&Prime;][\/vc_column][\/vc_row][vc_row css_animation=\u00a0\u00bb\u00a0\u00bb row_type=\u00a0\u00bbrow\u00a0\u00bb use_row_as_full_screen_section=\u00a0\u00bbno\u00a0\u00bb type=\u00a0\u00bbfull_width\u00a0\u00bb angled_section=\u00a0\u00bbno\u00a0\u00bb text_align=\u00a0\u00bbcenter\u00a0\u00bb background_image_as_pattern=\u00a0\u00bbwithout_pattern\u00a0\u00bb z_index=\u00a0\u00bb\u00a0\u00bb el_class=\u00a0\u00bbextra\u00a0\u00bb css=\u00a0\u00bb.vc_custom_1537201148283{margin-right: 30px !important;margin-left: 30px !important;padding-top: 80px !important;padding-bottom: 40px !important;}\u00a0\u00bb][vc_column css_animation=\u00a0\u00bbnone\u00a0\u00bb][vc_column_text]<\/p>\n<div class=\"wpb_text_column wpb_content_element \">\n<div class=\"wpb_wrapper\">\n<h2 style=\"text-align: center;\">NOS PRODUITS<\/h2>\n<\/div>\n<\/div>\n<p>[\/vc_column_text][vc_separator type=\u00a0\u00bbsmall\u00a0\u00bb position=\u00a0\u00bbcenter\u00a0\u00bb][vc_empty_space height=\u00a0\u00bb20px\u00a0\u00bb][vc_row_inner row_type=\u00a0\u00bbrow\u00a0\u00bb use_as_box=\u00a0\u00bbuse_row_as_box\u00a0\u00bb type=\u00a0\u00bbfull_width\u00a0\u00bb text_align=\u00a0\u00bbleft\u00a0\u00bb css_animation=\u00a0\u00bb\u00a0\u00bb][vc_column_inner width=\u00a0\u00bb1\/6&Prime;][\/vc_column_inner][vc_column_inner width=\u00a0\u00bb1\/3&Prime;][vc_single_image image=\u00a0\u00bb17455&Prime; img_size=\u00a0\u00bblarge\u00a0\u00bb alignment=\u00a0\u00bbcenter\u00a0\u00bb css=\u00a0\u00bb\u00a0\u00bb qode_css_animation=\u00a0\u00bb\u00a0\u00bb][vc_empty_space height=\u00a0\u00bb40px\u00a0\u00bb][\/vc_column_inner][vc_column_inner width=\u00a0\u00bb1\/3&Prime; offset=\u00a0\u00bbvc_col-sm-offset-0&Prime;][vc_column_text css=\u00a0\u00bb\u00a0\u00bb]<\/p>\n<p style=\"text-align: left;\"><span style=\"font-weight: 400;\">WELCO Industries con\u00e7oit et produit principalement des <strong>moto-compresseurs de climatisation et de r\u00e9frig\u00e9ration sur mesure, pour des applications exigeantes<\/strong>, telles que des syst\u00e8mes de refroidissements embarqu\u00e9s a\u00e9ronautiques ou de d\u00e9fense. Nos produits sont d\u00e9velopp\u00e9s sur cahier des charges client et fabriqu\u00e9s sur commande, dans les quantit\u00e9s qui vous conviennent. <\/span><\/p>\n<p style=\"text-align: left;\">Nous proposons des <strong>moto-compresseurs herm\u00e9tiques et semi-herm\u00e9tiques de type scrolls ou rotatifs, des moteurs \u00e9lectriques pour divers types de pompes, ventilateurs ou turbines. <\/strong>Nous fabriquons nos propres moteurs \u00e9lectriques que nous int\u00e9grons dans des compresseurs frigorifiques pour des applications allant de 0,5 \u00e0 25 KW de puissance frigorifique.<\/p>\n<p>[\/vc_column_text][vc_empty_space height=\u00a0\u00bb40px\u00a0\u00bb]<a  itemprop=\"url\" href=\"https:\/\/www.welco-ind.com\/fr\/moto-compresseurs-frigorifiques\/\" target=\"_self\" data-hover-background-color=\"#FFFFFF\" data-hover-border-color=\"#f5f5f5\" data-hover-color=\"#ffffff\" class=\"qbutton  medium center enlarge qode-type1-gradient-left-to-right\" style=\"color: #ffffff; border-color: #f5f5f5; background-color:#0198bc;\">Voir nos produits<i class=\"qode_icon_font_awesome fa fa-arrow-right qode_button_icon_element\" style=\"color: #ffffff\"><\/i><\/a>[\/vc_column_inner][\/vc_row_inner][\/vc_column][\/vc_row][vc_row row_type=\u00a0\u00bbparallax\u00a0\u00bb parallax_content_width=\u00a0\u00bbin_grid\u00a0\u00bb text_align=\u00a0\u00bbleft\u00a0\u00bb full_screen_section_height=\u00a0\u00bbno\u00a0\u00bb background_image=\u00a0\u00bb17054&Prime; css=\u00a0\u00bb.vc_custom_1743500331407{padding-top: 40px !important;padding-bottom: 40px !important;background-color: rgba(10,10,10,0.06) !important;*background-color: rgb(10,10,10) !important;}\u00a0\u00bb][vc_column][vc_empty_space height=\u00a0\u00bb80px\u00a0\u00bb][vc_column_text]<\/p>\n<h2 style=\"text-align: center;\">MARCH\u00c9S<\/h2>\n<p>[\/vc_column_text][vc_separator type=\u00a0\u00bbsmall\u00a0\u00bb position=\u00a0\u00bbcenter\u00a0\u00bb][vc_column_text css=\u00a0\u00bb\u00a0\u00bb]<\/p>\n<p style=\"text-align: center;\">Nous proposons nos solutions sur des march\u00e9s vari\u00e9s, dans les secteurs militaires et civils.<\/p>\n<p>[\/vc_column_text][vc_empty_space height=\u00a0\u00bb20px\u00a0\u00bb][vc_row_inner row_type=\u00a0\u00bbrow\u00a0\u00bb type=\u00a0\u00bbgrid\u00a0\u00bb text_align=\u00a0\u00bbleft\u00a0\u00bb css_animation=\u00a0\u00bb\u00a0\u00bb][vc_column_inner width=\u00a0\u00bb1\/6&Prime;]<div class='q_icon_with_title medium custom_icon_image center qode_iwt_hover_enabled '><div class=\"icon_holder \" style=\" \"><img decoding=\"async\" src=\"https:\/\/www.welco-ind.com\/wp-content\/uploads\/2025\/03\/Fichier-10.png\" alt=\"\"><\/div><div class=\"icon_text_holder\" style=\"\"><div class=\"icon_text_inner\" style=\"\"><h5 class=\"icon_title\" style=\"color: #000000;\">AVIATION<\/h5><p style=''><\/p><\/div><\/div><\/div>[\/vc_column_inner][vc_column_inner width=\u00a0\u00bb1\/6&Prime;]<div class='q_icon_with_title medium custom_icon_image center qode_iwt_hover_enabled '><div class=\"icon_holder \" style=\" \"><img decoding=\"async\" src=\"https:\/\/www.welco-ind.com\/wp-content\/uploads\/2025\/03\/Plan-de-travail-1-copie-4.png\" alt=\"\"><\/div><div class=\"icon_text_holder\" style=\"\"><div class=\"icon_text_inner\" style=\"\"><h5 class=\"icon_title\" style=\"color: #000000;\">H\u00c9LICOPT\u00c8RES<\/h5><p style=''><\/p><\/div><\/div><\/div>[\/vc_column_inner][vc_column_inner width=\u00a0\u00bb1\/6&Prime;]<div class='q_icon_with_title medium custom_icon_image center qode_iwt_hover_enabled '><div class=\"icon_holder \" style=\" \"><img decoding=\"async\" src=\"https:\/\/www.welco-ind.com\/wp-content\/uploads\/2025\/03\/Plan-de-travail-1-copie-2.png\" alt=\"\"><\/div><div class=\"icon_text_holder\" style=\"\"><div class=\"icon_text_inner\" style=\"\"><h5 class=\"icon_title\" style=\"color: #000000;\">EVTOL \/ ECTOL<\/h5><p style=''><\/p><\/div><\/div><\/div>[\/vc_column_inner][vc_column_inner width=\u00a0\u00bb1\/6&Prime;]<div class='q_icon_with_title medium custom_icon_image center qode_iwt_hover_enabled '><div class=\"icon_holder \" style=\" \"><img decoding=\"async\" src=\"https:\/\/www.welco-ind.com\/wp-content\/uploads\/2025\/03\/Plan-de-travail-1@2x.png\" alt=\"\"><\/div><div class=\"icon_text_holder\" style=\"\"><div class=\"icon_text_inner\" style=\"\"><h5 class=\"icon_title\" style=\"color: #000000;\">NAVAL<\/h5><p style=''><\/p><\/div><\/div><\/div>[\/vc_column_inner][vc_column_inner width=\u00a0\u00bb1\/6&Prime;]<div class='q_icon_with_title medium custom_icon_image center qode_iwt_hover_enabled '><div class=\"icon_holder \" style=\" \"><img decoding=\"async\" src=\"https:\/\/www.welco-ind.com\/wp-content\/uploads\/2025\/03\/camion.png\" alt=\"\"><\/div><div class=\"icon_text_holder\" style=\"\"><div class=\"icon_text_inner\" style=\"\"><h5 class=\"icon_title\" style=\"color: #000000;\">TERRESTRE<\/h5><p style=''><\/p><\/div><\/div><\/div>[\/vc_column_inner][vc_column_inner width=\u00a0\u00bb1\/6&Prime;]<div class='q_icon_with_title medium custom_icon_image center qode_iwt_hover_enabled '><div class=\"icon_holder \" style=\" \"><img decoding=\"async\" src=\"https:\/\/www.welco-ind.com\/wp-content\/uploads\/2025\/03\/Plan-de-travail-1-copie-3.png\" alt=\"\"><\/div><div class=\"icon_text_holder\" style=\"\"><div class=\"icon_text_inner\" style=\"\"><h5 class=\"icon_title\" style=\"color: #000000;\">TRAINS<\/h5><p style=''><\/p><\/div><\/div><\/div>[\/vc_column_inner][\/vc_row_inner][vc_empty_space height=\u00a0\u00bb20px\u00a0\u00bb][vc_row_inner row_type=\u00a0\u00bbrow\u00a0\u00bb type=\u00a0\u00bbgrid\u00a0\u00bb text_align=\u00a0\u00bbleft\u00a0\u00bb css_animation=\u00a0\u00bb\u00a0\u00bb el_class=\u00a0\u00bbconteneur-colonnes\u00a0\u00bb][vc_column_inner width=\u00a0\u00bb1\/6&Prime;][\/vc_column_inner][vc_column_inner width=\u00a0\u00bb1\/6&Prime;][\/vc_column_inner][vc_column_inner width=\u00a0\u00bb1\/6&Prime;][\/vc_column_inner][vc_column_inner width=\u00a0\u00bb1\/6&Prime;][\/vc_column_inner][vc_column_inner width=\u00a0\u00bb1\/6&Prime;]<a  itemprop=\"url\" href=\"https:\/\/www.welco-ind.com\/fr\/marches-systeme-refroidissement-civil-militaire\/\" target=\"_self\" data-hover-background-color=\"#FFFFFF\" data-hover-border-color=\"#f5f5f5\" data-hover-color=\"#ffffff\" class=\"qbutton  medium center enlarge qode-type1-gradient-left-to-right\" style=\"color: #ffffff; border-color: #f5f5f5; background-color:#0198bc;\">Nos march\u00e9s<i class=\"qode_icon_font_awesome fa fa-arrow-right qode_button_icon_element\" style=\"color: #ffffff\"><\/i><\/a>[\/vc_column_inner][vc_column_inner el_class=\u00a0\u00bbcolonne-6&Prime; width=\u00a0\u00bb1\/6&Prime;][\/vc_column_inner][\/vc_row_inner][vc_empty_space height=\u00a0\u00bb80px\u00a0\u00bb][\/vc_column][\/vc_row][vc_row css_animation=\u00a0\u00bb\u00a0\u00bb row_type=\u00a0\u00bbrow\u00a0\u00bb use_row_as_full_screen_section=\u00a0\u00bbno\u00a0\u00bb type=\u00a0\u00bbfull_width\u00a0\u00bb angled_section=\u00a0\u00bbno\u00a0\u00bb text_align=\u00a0\u00bbcenter\u00a0\u00bb background_image_as_pattern=\u00a0\u00bbwithout_pattern\u00a0\u00bb z_index=\u00a0\u00bb\u00a0\u00bb el_class=\u00a0\u00bbextra\u00a0\u00bb css=\u00a0\u00bb.vc_custom_1537201444848{padding-top: 80px !important;padding-bottom: 80px !important;}\u00a0\u00bb][vc_column css_animation=\u00a0\u00bbnone\u00a0\u00bb][vc_column_text]<\/p>\n<h2 style=\"text-align: center;\">NOS SOLUTIONS<\/h2>\n<p>[\/vc_column_text][vc_separator type=\u00a0\u00bbsmall\u00a0\u00bb position=\u00a0\u00bbcenter\u00a0\u00bb][vc_empty_space height=\u00a0\u00bb20px\u00a0\u00bb][vc_row_inner row_type=\u00a0\u00bbrow\u00a0\u00bb use_as_box=\u00a0\u00bbuse_row_as_box\u00a0\u00bb type=\u00a0\u00bbfull_width\u00a0\u00bb text_align=\u00a0\u00bbleft\u00a0\u00bb css_animation=\u00a0\u00bb\u00a0\u00bb css=\u00a0\u00bb.vc_custom_1537201126452{margin-right: 30px !important;margin-left: 30px !important;}\u00a0\u00bb][vc_column_inner width=\u00a0\u00bb1\/6&Prime;][\/vc_column_inner][vc_column_inner width=\u00a0\u00bb1\/3&Prime;][vc_single_image image=\u00a0\u00bb17359&Prime; img_size=\u00a0\u00bblarge\u00a0\u00bb add_caption=\u00a0\u00bbyes\u00a0\u00bb alignment=\u00a0\u00bbcenter\u00a0\u00bb css=\u00a0\u00bb\u00a0\u00bb qode_css_animation=\u00a0\u00bb\u00a0\u00bb][vc_empty_space height=\u00a0\u00bb20px\u00a0\u00bb][\/vc_column_inner][vc_column_inner width=\u00a0\u00bb1\/3&Prime;][vc_column_text css=\u00a0\u00bb\u00a0\u00bb]<span style=\"font-weight: 400;\">Nous fournissons des<strong> services techniques sur mesure<\/strong> \u00e0 nos clients : nous analysons leurs besoins et proposons la solution la mieux adapt\u00e9e \u00e0 leurs contraintes.<\/span><\/p>\n<p><span style=\"font-weight: 400;\"><strong>Avec plus de 50 ans d\u2019exp\u00e9rience<\/strong> dans les march\u00e9s a\u00e9ronautiques et de d\u00e9fense, nous concevons des moto-compresseurs et produits associ\u00e9s robustes et fiables.<\/span><\/p>\n<p><span style=\"font-weight: 400;\">R\u00e9sistants \u00e0 de forts niveaux de vibration, l\u00e9gers et compacts, nos produits s\u2019adaptent aux missions les plus exigeantes. Les caract\u00e9ristiques \u00e9lectriques et dimensionnelles de nos produits vous aideront \u00e0 <strong>optimiser la performance de vos \u00e9quipements. <\/strong><\/span>[\/vc_column_text][vc_empty_space height=\u00a0\u00bb40px\u00a0\u00bb]<a  itemprop=\"url\" href=\"https:\/\/www.welco-ind.com\/fr\/solutions-refroidissement-personnalisees\/\" target=\"_self\" data-hover-background-color=\"#FFFFFF\" data-hover-border-color=\"#f5f5f5\" data-hover-color=\"#ffffff\" class=\"qbutton  medium center enlarge qode-type1-gradient-left-to-right\" style=\"color: #ffffff; border-color: #f5f5f5; background-color:#0198bc;\">Nos solutions<i class=\"qode_icon_font_awesome fa fa-arrow-right qode_button_icon_element\" style=\"color: #ffffff\"><\/i><\/a>[\/vc_column_inner][vc_column_inner width=\u00a0\u00bb1\/6&Prime;][\/vc_column_inner][\/vc_row_inner][\/vc_column][\/vc_row][vc_row row_type=\u00a0\u00bbparallax\u00a0\u00bb parallax_content_width=\u00a0\u00bbfull_width\u00a0\u00bb text_align=\u00a0\u00bbcenter\u00a0\u00bb full_screen_section_height=\u00a0\u00bbno\u00a0\u00bb background_image=\u00a0\u00bb17011&Prime; section_height=\u00a0\u00bb350&Prime; parallax_speed=\u00a0\u00bb3000ms\u00a0\u00bb css=\u00a0\u00bb.vc_custom_1743594934964{padding-top: 80px !important;padding-bottom: 80px !important;}\u00a0\u00bb][vc_column width=\u00a0\u00bb1\/4&Prime;][\/vc_column][vc_column width=\u00a0\u00bb1\/2&Prime; css=\u00a0\u00bb.vc_custom_1539891699437{margin-top: 130px !important;}\u00a0\u00bb][vc_column_text]<\/p>\n<h2 style=\"text-align: center;\"><span style=\"color: #ffffff;\">Nos solutions de refroidissement r\u00e9pondent aux missions militaires et civiles les plus exigeantes.<\/span><\/h2>\n<p>[\/vc_column_text][\/vc_column][vc_column width=\u00a0\u00bb1\/4&Prime;][\/vc_column][\/vc_row][vc_row css_animation=\u00a0\u00bb\u00a0\u00bb row_type=\u00a0\u00bbrow\u00a0\u00bb use_row_as_full_screen_section=\u00a0\u00bbno\u00a0\u00bb type=\u00a0\u00bbfull_width\u00a0\u00bb angled_section=\u00a0\u00bbno\u00a0\u00bb text_align=\u00a0\u00bbcenter\u00a0\u00bb background_image_as_pattern=\u00a0\u00bbwithout_pattern\u00a0\u00bb z_index=\u00a0\u00bb\u00a0\u00bb el_class=\u00a0\u00bbextra\u00a0\u00bb css=\u00a0\u00bb.vc_custom_1540816064710{border-bottom-width: 40px !important;padding-top: 20px !important;}\u00a0\u00bb][vc_column css_animation=\u00a0\u00bbnone\u00a0\u00bb width=\u00a0\u00bb1\/6&Prime;][\/vc_column][vc_column width=\u00a0\u00bb2\/3&Prime; offset=\u00a0\u00bbvc_col-md-offset-0&Prime;][qode_elements_holder number_of_columns=\u00a0\u00bbone_column\u00a0\u00bb][qode_elements_holder_item advanced_animations=\u00a0\u00bbno\u00a0\u00bb item_padding=\u00a0\u00bb50px 50px 0px 50px\u00a0\u00bb][vc_column_text]<\/p>\n<h2 style=\"text-align: center;\">\u00c0 PROPOS DE WELCO INDUSTRIES<\/h2>\n<p>[\/vc_column_text][vc_separator type=\u00a0\u00bbsmall\u00a0\u00bb position=\u00a0\u00bbcenter\u00a0\u00bb][vc_empty_space height=\u00a0\u00bb20px\u00a0\u00bb][vc_column_text css=\u00a0\u00bb\u00a0\u00bb]Fort d\u2019une reconnaissance internationale depuis plus de 50 ans, WELCO Industries fabrique une large gamme d\u2019\u00e9quipements de refroidissement. Nous proposons des r\u00e9ponses adapt\u00e9es aux exigences les plus contraignantes. Parmi nos clients figurent de grands noms des industries civiles et militaires, intervenant dans les domaines a\u00e9ronautiques, maritimes, v\u00e9hicules terrestres et \u00e9lectronique embarqu\u00e9e.<\/p>\n<p>&nbsp;<\/p>\n<p>Nous nous engageons \u00e0 concevoir et fabriquer les meilleures solutions pour vos probl\u00e9matiques de refroidissement en environnement exigeant (a\u00e9ronautique, terrestre ou maritime), pour vos applications critiques de climatisation, refroidissement d\u2019\u00e9lectronique ou de r\u00e9frig\u00e9ration embarqu\u00e9e[\/vc_column_text][vc_empty_space height=\u00a0\u00bb30px\u00a0\u00bb]<a  itemprop=\"url\" href=\"https:\/\/www.welco-ind.com\/fr\/societe\/\" target=\"_self\" data-hover-background-color=\"#FFFFFF\" data-hover-border-color=\"#f5f5f5\" data-hover-color=\"#ffffff\" class=\"qbutton  medium center enlarge qode-type1-gradient-left-to-right\" style=\"color: #ffffff; border-color: #f5f5f5; background-color:#0198bc;\">EN SAVOIR +<i class=\"qode_icon_font_awesome fa fa-arrow-right qode_button_icon_element\" style=\"color: #ffffff\"><\/i><\/a>[\/qode_elements_holder_item][\/qode_elements_holder][vc_single_image image=\u00a0\u00bb17050&Prime; img_size=\u00a0\u00bbfull\u00a0\u00bb css=\u00a0\u00bb.vc_custom_1741946814832{margin-bottom: 0px !important;}\u00a0\u00bb qode_css_animation=\u00a0\u00bb\u00a0\u00bb][\/vc_column][vc_column width=\u00a0\u00bb1\/6&Prime;][\/vc_column][\/vc_row]<\/p>\n<\/div>","protected":false},"excerpt":{"rendered":"<p>[vc_row css_animation=\u00a0\u00bb\u00a0\u00bb row_type=\u00a0\u00bbrow\u00a0\u00bb use_row_as_full_screen_section=\u00a0\u00bbno\u00a0\u00bb type=\u00a0\u00bbfull_width\u00a0\u00bb angled_section=\u00a0\u00bbno\u00a0\u00bb text_align=\u00a0\u00bbleft\u00a0\u00bb background_image_as_pattern=\u00a0\u00bbwithout_pattern\u00a0\u00bb][vc_column offset=\u00a0\u00bbvc_hidden-sm vc_hidden-xs\u00a0\u00bb][rev_slider_vc alias=\u00a0\u00bbhome-v5-fr\u00a0\u00bb][\/vc_column][\/vc_row][vc_row css_animation=\u00a0\u00bb\u00a0\u00bb row_type=\u00a0\u00bbrow\u00a0\u00bb use_row_as_full_screen_section=\u00a0\u00bbno\u00a0\u00bb type=\u00a0\u00bbfull_width\u00a0\u00bb angled_section=\u00a0\u00bbno\u00a0\u00bb text_align=\u00a0\u00bbleft\u00a0\u00bb background_image_as_pattern=\u00a0\u00bbwithout_pattern\u00a0\u00bb][vc_column offset=\u00a0\u00bbvc_hidden-lg vc_hidden-md\u00a0\u00bb][rev_slider_vc alias=\u00a0\u00bbhome-v5-fr-1&Prime;][\/vc_column][\/vc_row][vc_row css_animation=\u00a0\u00bb\u00a0\u00bb row_type=\u00a0\u00bbrow\u00a0\u00bb use_row_as_full_screen_section=\u00a0\u00bbno\u00a0\u00bb type=\u00a0\u00bbfull_width\u00a0\u00bb angled_section=\u00a0\u00bbno\u00a0\u00bb text_align=\u00a0\u00bbcenter\u00a0\u00bb background_image_as_pattern=\u00a0\u00bbwithout_pattern\u00a0\u00bb z_index=\u00a0\u00bb\u00a0\u00bb el_class=\u00a0\u00bbextra\u00a0\u00bb css=\u00a0\u00bb.vc_custom_1537201148283{margin-right: 30px !important;margin-left: 30px !important;padding-top: 80px !important;padding-bottom: 40px !important;}\u00a0\u00bb][vc_column css_animation=\u00a0\u00bbnone\u00a0\u00bb][vc_column_text] NOS PRODUITS [\/vc_column_text][vc_separator type=\u00a0\u00bbsmall\u00a0\u00bb position=\u00a0\u00bbcenter\u00a0\u00bb][vc_empty_space&#8230;<\/p>\n","protected":false},"author":1,"featured_media":0,"parent":0,"menu_order":0,"comment_status":"closed","ping_status":"closed","template":"full_width.php","meta":{"footnotes":""},"class_list":["post-18","page","type-page","status-publish","hentry"],"yoast_head":"<!-- This site is optimized with the Yoast SEO plugin v27.5 - https:\/\/yoast.com\/product\/yoast-seo-wordpress\/ -->\n<title>Solutions de Compresseurs Frigorifiques sur-mesure - WELCO industries<\/title>\n<meta name=\"description\" content=\"WELCO Industries fabrique une large gamme d\u2019\u00e9quipements de Compresseurs Frigorifiques pour des Applications Militaires et Civiles en Environnement Exigeant.\" \/>\n<meta name=\"robots\" content=\"index, follow, max-snippet:-1, max-image-preview:large, max-video-preview:-1\" \/>\n<link rel=\"canonical\" href=\"https:\/\/www.welco-ind.com\/fr\/\" \/>\n<meta property=\"og:locale\" content=\"fr_FR\" \/>\n<meta property=\"og:type\" content=\"article\" \/>\n<meta property=\"og:title\" content=\"Solutions de Compresseurs Frigorifiques sur-mesure - WELCO industries\" \/>\n<meta property=\"og:description\" content=\"WELCO Industries fabrique une large gamme d\u2019\u00e9quipements de Compresseurs Frigorifiques pour des Applications Militaires et Civiles en Environnement Exigeant.\" \/>\n<meta property=\"og:url\" content=\"https:\/\/www.welco-ind.com\/fr\/\" \/>\n<meta property=\"og:site_name\" content=\"WELCO industries\" \/>\n<meta property=\"article:modified_time\" content=\"2025-04-03T09:23:53+00:00\" \/>\n<meta name=\"twitter:card\" content=\"summary_large_image\" \/>\n<meta name=\"twitter:label1\" content=\"Dur\u00e9e de lecture estim\u00e9e\" \/>\n\t<meta name=\"twitter:data1\" content=\"6 minutes\" \/>\n<script type=\"application\/ld+json\" class=\"yoast-schema-graph\">{\"@context\":\"https:\\\/\\\/schema.org\",\"@graph\":[{\"@type\":\"WebPage\",\"@id\":\"https:\\\/\\\/www.welco-ind.com\\\/fr\\\/\",\"url\":\"https:\\\/\\\/www.welco-ind.com\\\/fr\\\/\",\"name\":\"Solutions de Compresseurs Frigorifiques sur-mesure - WELCO industries\",\"isPartOf\":{\"@id\":\"https:\\\/\\\/www.welco-ind.com\\\/fr\\\/#website\"},\"datePublished\":\"2025-03-10T13:31:33+00:00\",\"dateModified\":\"2025-04-03T09:23:53+00:00\",\"description\":\"WELCO Industries fabrique une large gamme d\u2019\u00e9quipements de Compresseurs Frigorifiques pour des Applications Militaires et Civiles en Environnement Exigeant.\",\"breadcrumb\":{\"@id\":\"https:\\\/\\\/www.welco-ind.com\\\/fr\\\/#breadcrumb\"},\"inLanguage\":\"fr-FR\",\"potentialAction\":[{\"@type\":\"ReadAction\",\"target\":[\"https:\\\/\\\/www.welco-ind.com\\\/fr\\\/\"]}]},{\"@type\":\"BreadcrumbList\",\"@id\":\"https:\\\/\\\/www.welco-ind.com\\\/fr\\\/#breadcrumb\",\"itemListElement\":[{\"@type\":\"ListItem\",\"position\":1,\"name\":\"Accueil\",\"item\":\"https:\\\/\\\/www.welco-ind.com\\\/fr\\\/\"},{\"@type\":\"ListItem\",\"position\":2,\"name\":\"Accueil\"}]},{\"@type\":\"WebSite\",\"@id\":\"https:\\\/\\\/www.welco-ind.com\\\/fr\\\/#website\",\"url\":\"https:\\\/\\\/www.welco-ind.com\\\/fr\\\/\",\"name\":\"WELCO industries\",\"description\":\"Custom motor-compressor solutions for mission-critical cooling systems\",\"potentialAction\":[{\"@type\":\"SearchAction\",\"target\":{\"@type\":\"EntryPoint\",\"urlTemplate\":\"https:\\\/\\\/www.welco-ind.com\\\/fr\\\/?s={search_term_string}\"},\"query-input\":{\"@type\":\"PropertyValueSpecification\",\"valueRequired\":true,\"valueName\":\"search_term_string\"}}],\"inLanguage\":\"fr-FR\"}]}<\/script>\n<!-- \/ Yoast SEO plugin. -->","yoast_head_json":{"title":"Solutions de Compresseurs Frigorifiques sur-mesure - WELCO industries","description":"WELCO Industries fabrique une large gamme d\u2019\u00e9quipements de Compresseurs Frigorifiques pour des Applications Militaires et Civiles en Environnement Exigeant.","robots":{"index":"index","follow":"follow","max-snippet":"max-snippet:-1","max-image-preview":"max-image-preview:large","max-video-preview":"max-video-preview:-1"},"canonical":"https:\/\/www.welco-ind.com\/fr\/","og_locale":"fr_FR","og_type":"article","og_title":"Solutions de Compresseurs Frigorifiques sur-mesure - WELCO industries","og_description":"WELCO Industries fabrique une large gamme d\u2019\u00e9quipements de Compresseurs Frigorifiques pour des Applications Militaires et Civiles en Environnement Exigeant.","og_url":"https:\/\/www.welco-ind.com\/fr\/","og_site_name":"WELCO industries","article_modified_time":"2025-04-03T09:23:53+00:00","twitter_card":"summary_large_image","twitter_misc":{"Dur\u00e9e de lecture estim\u00e9e":"6 minutes"},"schema":{"@context":"https:\/\/schema.org","@graph":[{"@type":"WebPage","@id":"https:\/\/www.welco-ind.com\/fr\/","url":"https:\/\/www.welco-ind.com\/fr\/","name":"Solutions de Compresseurs Frigorifiques sur-mesure - WELCO industries","isPartOf":{"@id":"https:\/\/www.welco-ind.com\/fr\/#website"},"datePublished":"2025-03-10T13:31:33+00:00","dateModified":"2025-04-03T09:23:53+00:00","description":"WELCO Industries fabrique une large gamme d\u2019\u00e9quipements de Compresseurs Frigorifiques pour des Applications Militaires et Civiles en Environnement Exigeant.","breadcrumb":{"@id":"https:\/\/www.welco-ind.com\/fr\/#breadcrumb"},"inLanguage":"fr-FR","potentialAction":[{"@type":"ReadAction","target":["https:\/\/www.welco-ind.com\/fr\/"]}]},{"@type":"BreadcrumbList","@id":"https:\/\/www.welco-ind.com\/fr\/#breadcrumb","itemListElement":[{"@type":"ListItem","position":1,"name":"Accueil","item":"https:\/\/www.welco-ind.com\/fr\/"},{"@type":"ListItem","position":2,"name":"Accueil"}]},{"@type":"WebSite","@id":"https:\/\/www.welco-ind.com\/fr\/#website","url":"https:\/\/www.welco-ind.com\/fr\/","name":"WELCO industries","description":"Custom motor-compressor solutions for mission-critical cooling systems","potentialAction":[{"@type":"SearchAction","target":{"@type":"EntryPoint","urlTemplate":"https:\/\/www.welco-ind.com\/fr\/?s={search_term_string}"},"query-input":{"@type":"PropertyValueSpecification","valueRequired":true,"valueName":"search_term_string"}}],"inLanguage":"fr-FR"}]}},"_links":{"self":[{"href":"https:\/\/www.welco-ind.com\/fr\/wp-json\/wp\/v2\/pages\/18","targetHints":{"allow":["GET"]}}],"collection":[{"href":"https:\/\/www.welco-ind.com\/fr\/wp-json\/wp\/v2\/pages"}],"about":[{"href":"https:\/\/www.welco-ind.com\/fr\/wp-json\/wp\/v2\/types\/page"}],"author":[{"embeddable":true,"href":"https:\/\/www.welco-ind.com\/fr\/wp-json\/wp\/v2\/users\/1"}],"replies":[{"embeddable":true,"href":"https:\/\/www.welco-ind.com\/fr\/wp-json\/wp\/v2\/comments?post=18"}],"version-history":[{"count":18,"href":"https:\/\/www.welco-ind.com\/fr\/wp-json\/wp\/v2\/pages\/18\/revisions"}],"predecessor-version":[{"id":17456,"href":"https:\/\/www.welco-ind.com\/fr\/wp-json\/wp\/v2\/pages\/18\/revisions\/17456"}],"wp:attachment":[{"href":"https:\/\/www.welco-ind.com\/fr\/wp-json\/wp\/v2\/media?parent=18"}],"curies":[{"name":"wp","href":"https:\/\/api.w.org\/{rel}","templated":true}]}}