{"id":3,"date":"2025-03-09T15:28:35","date_gmt":"2025-03-09T15:28:35","guid":{"rendered":"https:\/\/www.welco-ind.com\/?page_id=3"},"modified":"2025-03-14T10:11:20","modified_gmt":"2025-03-14T09:11:20","slug":"politique-confidentialite","status":"publish","type":"page","link":"https:\/\/www.welco-ind.com\/fr\/politique-confidentialite\/","title":{"rendered":"Politique de confidentialit\u00e9"},"content":{"rendered":"<div class=\"wpb-content-wrapper\"><p>[vc_row css_animation=\u00a0\u00bb\u00a0\u00bb row_type=\u00a0\u00bbrow\u00a0\u00bb use_row_as_full_screen_section=\u00a0\u00bbno\u00a0\u00bb type=\u00a0\u00bbfull_width\u00a0\u00bb angled_section=\u00a0\u00bbno\u00a0\u00bb text_align=\u00a0\u00bbleft\u00a0\u00bb background_image_as_pattern=\u00a0\u00bbwithout_pattern\u00a0\u00bb][vc_column][vc_column_text]<\/p>\n<h1 style=\"text-align: center;\">Politique de confidentialit\u00e9<\/h1>\n<p>[\/vc_column_text][vc_separator type=\u00a0\u00bbsmall\u00a0\u00bb position=\u00a0\u00bbcenter\u00a0\u00bb][\/vc_column][\/vc_row][vc_row css_animation=\u00a0\u00bb\u00a0\u00bb row_type=\u00a0\u00bbrow\u00a0\u00bb use_row_as_full_screen_section=\u00a0\u00bbno\u00a0\u00bb type=\u00a0\u00bbfull_width\u00a0\u00bb angled_section=\u00a0\u00bbno\u00a0\u00bb text_align=\u00a0\u00bbleft\u00a0\u00bb background_image_as_pattern=\u00a0\u00bbwithout_pattern\u00a0\u00bb][vc_column width=\u00a0\u00bb1\/12&Prime;][\/vc_column][vc_column width=\u00a0\u00bb10\/12&Prime;][vc_column_text]Notre \u00e9quipe s\u2019engage \u00e0 ce que la collecte et le traitement de vos donn\u00e9es, soient conformes au r\u00e8glement g\u00e9n\u00e9ral sur la protection des donn\u00e9es (RGPD) et \u00e0 la loi Informatique et Libert\u00e9s.<\/p>\n<p>La charte vise \u00e0 vous informer des droits et libert\u00e9s que vous pouvez faire valoir \u00e0 l\u2019\u00e9gard de notre utilisation de vos donn\u00e9es personnelles et d\u00e9crit les mesures que nous mettons en \u0153uvre afin de les prot\u00e9ger.<\/p>\n<p>&nbsp;<\/p>\n<h2><b>Notre Site Internet<\/b><\/h2>\n<p>L\u2019adresse de notre site Web est : <a href=\"http:\/\/www.welco-ind.com\">www.welco-ind.com<\/a><\/p>\n<p>&nbsp;<\/p>\n<h2><b>Cookies<\/b><\/h2>\n<p>Les Pages du site internet de WELCO Industries utilisent des cookies. Un cookie est un fichier qui permet d\u2019enregistrer des informations relatives \u00e0 la navigation de votre ordinateur sur le site internet.<\/p>\n<p>De nombreux sites Internet et serveurs utilisent des cookies. De nombreux cookies contiennent un identifiant de cookie. Un cookie ID est un identifiant unique du cookie. Il consiste en une cha\u00eene de caract\u00e8res \u00e0 travers laquelle des pages Internet et des serveurs peuvent \u00eatre attribu\u00e9s au navigateur Internet sp\u00e9cifique dans lequel le cookie a \u00e9t\u00e9 stock\u00e9. Cela permet aux sites Internet et aux serveurs visit\u00e9s de diff\u00e9rencier le navigateur individuel de la personne concern\u00e9e des autres navigateurs Internet contenant d&rsquo;autres cookies. Un navigateur Internet sp\u00e9cifique peut \u00eatre reconnu et identifi\u00e9 \u00e0 l&rsquo;aide de l&rsquo;identifiant de cookie unique.<\/p>\n<p>Gr\u00e2ce \u00e0 l&rsquo;utilisation de cookies, WELCO Industries peut fournir une exp\u00e9rience utilisateur am\u00e9lior\u00e9e, qui ne serait pas possible sans le param\u00e8tre cookie.<\/p>\n<p>Au moyen d&rsquo;un cookie, les informations de notre site Web peuvent \u00eatre optimis\u00e9es. Les cookies nous permettent, comme mentionn\u00e9 pr\u00e9c\u00e9demment, de mieux conna\u00eetre les utilisateurs de notre site Web. Le but de cette reconnaissance est de faciliter l\u2019utilisation du site par les utilisateurs.<\/p>\n<p>Vous pouvez, \u00e0 tout moment, emp\u00eacher l&rsquo;installation de cookies sur notre site Web par le biais d&rsquo;une configuration correspondante du navigateur Internet utilis\u00e9, et vous pouvez donc refuser de mani\u00e8re permanente l&rsquo;installation de cookies. En outre, les cookies d\u00e9j\u00e0 configur\u00e9s peuvent \u00eatre supprim\u00e9s \u00e0 tout moment via un navigateur Internet ou un autre logiciel. Ceci est possible sur tous les navigateurs Internet. Veuillez noter que si vous d\u00e9sinstallez un \u00ab cookie \u00bb ou si vous vous opposez \u00e0 l\u2019installation de \u00ab cookies \u00bb sur votre machine, vous risquez de ne pas \u00eatre en mesure de b\u00e9n\u00e9ficier de certains des services du site internet.<\/p>\n<p>&nbsp;<\/p>\n<h3>Contenu embarqu\u00e9 depuis d&rsquo;autres sites<\/h3>\n<p>Les pages de ce site peuvent inclure des contenus int\u00e9gr\u00e9s (par exemple des vid\u00e9os, images, articles\u2026). Le contenu int\u00e9gr\u00e9 depuis d\u2019autres sites se comporte de la m\u00eame mani\u00e8re que si le visiteur se rendait sur cet autre site.<\/p>\n<p>Ces sites web pourraient collecter des donn\u00e9es sur vous, utiliser des cookies, embarquer des outils de suivis tiers, suivre vos interactions avec ces contenus embarqu\u00e9s si vous disposez d\u2019un compte connect\u00e9 sur leur site web.<\/p>\n<p>&nbsp;<\/p>\n<h2>Services tiers<\/h2>\n<h4>Protection des donn\u00e9es personnelles<\/h4>\n<p>Ce site web utilise Google Analytics. Google emploie des cookies (fichiers texte) qui sont enregistr\u00e9s dans votre ordinateur. Ils permettent d\u2019analyser votre utilisation du site. Google Analytics saisit les informations anonymement. Les statistiques du site ne contiennent pas d\u2019indications personnelles relatives aux visiteurs. A cela s\u2019ajoutent des informations compl\u00e9mentaires : s\u2019agit-il de la premi\u00e8re visite de l\u2019utilisateur, quelles indications concernant le site ont guid\u00e9 le visiteur sur la page web etc. Les informations fournies par les cookies sont transmises \u00e0 un serveur de Google aux Etats-Unis, o\u00f9 elles sont enregistr\u00e9es. Google peut, le cas \u00e9ch\u00e9ant, communiquer ces informations \u00e0 des tiers en cas d\u2019obligation l\u00e9gale ou lorsque des tiers traitent ces donn\u00e9es pour le compte de Google. Google Analytics saisit les informations anonymement. Vous pouvez \u00e9viter totalement l\u2019installation de cookies dans votre navigateur par un r\u00e9glage appropri\u00e9. Nous attirons toutefois votre attention sur le fait que vous ne pourrez plus, le cas \u00e9ch\u00e9ant, utiliser enti\u00e8rement l\u2019ensemble des fonctions de ce site web. Par l\u2019utilisation de ce site web, vous d\u00e9clarez accepter l\u2019enregistrement et le traitement de donn\u00e9es vous concernant dans le but susmentionn\u00e9.<\/p>\n<h4>Transmission des informations collect\u00e9es par WELCO Industries :<\/h4>\n<p>Vos donn\u00e9es ne seront pas vendues \u00e0 un tiers. En outre, nous ne d\u00e9voilerons pas d\u2019informations personnelles \u00e0 des tiers sans votre consentement, sauf pour respecter les Conditions G\u00e9n\u00e9rales de Ventes, nos droits, ou recourir \u00e0 des analyses statistiques.<\/p>\n<p>&nbsp;<\/p>\n<h4>Traitement des donn\u00e9es collect\u00e9es<\/h4>\n<p>Vous \u00eates susceptibles de nous fournir un certain nombre de donn\u00e9es personnelles telles que vos nom et pr\u00e9nom, afin de r\u00e9pondre notamment \u00e0 vos demandes d\u2019information.<\/p>\n<p>Les informations sont n\u00e9cessaires pour permettre de traiter votre demande, \u00e0 d\u00e9faut celle-ci ne pourra \u00eatre trait\u00e9e. Vous avez le droit de retirer votre consentement \u00e0 tout moment sans que cela ne remette en cause le(s) traitement(s) effectu\u00e9(s) ant\u00e9rieurement, en \u00e9crivant \u00e0 l\u2019adresse suivante : WELCO Industries, 4 route de la Vall\u00e9e, Quartier de l\u2019Usine, 05 300 LE PO\u00cbT, FRANCE.<\/p>\n<p>Dans nos formulaires en ligne, les champs obligatoires sont marqu\u00e9s par un ast\u00e9risque. A d\u00e9faut de r\u00e9ponse aux questions obligatoires, nous ne serons pas en mesure de vous fournir le(s) service(s) demand\u00e9(s).<\/p>\n<p>Vos donn\u00e9es personnelles ne sont pas trait\u00e9es ult\u00e9rieurement de mani\u00e8re incompatible avec les finalit\u00e9s d\u00e9crites ci-dessus ou sous les formulaires de collecte. Vos donn\u00e9es sont conserv\u00e9es pendant la dur\u00e9e n\u00e9cessaire \u00e0 la finalit\u00e9 du traitement, \u00e0 savoir tant que le contact demeure actif. Dans le cas o\u00f9 ce dernier deviendrait inactif, les donn\u00e9es viendraient \u00e0 \u00eatre supprim\u00e9es dans un d\u00e9lai de 3 ann\u00e9es.<\/p>\n<p>&nbsp;<\/p>\n<h4>S\u00e9curit\u00e9 et confidentialit\u00e9 de vos donn\u00e9es<\/h4>\n<p>WELCO Industries met en \u0153uvre des mesures appropri\u00e9es pour pr\u00e9server la s\u00e9curit\u00e9 et la confidentialit\u00e9 de vos donn\u00e9es personnelles et, notamment, pour emp\u00eacher qu\u2019elles soient d\u00e9form\u00e9es, endommag\u00e9es, ou que des tiers non autoris\u00e9s y aient acc\u00e8s.<\/p>\n<p>&nbsp;<\/p>\n<h4>Lieu de stockage des donn\u00e9es et transferts<\/h4>\n<p>Les serveurs d\u2019h\u00e9bergement sur lesquels WELCO Industries traite et stocke les bases de donn\u00e9es sont exclusivement situ\u00e9s au sein de l\u2019Union Europ\u00e9enne.<br \/>\nEn cas de requ\u00eate provenant d\u2019une autorit\u00e9 administrative ou judiciaire relative \u00e0 vos donn\u00e9es, WELCO Industries s\u2019engage \u00e0 vous en informer imm\u00e9diatement, dans la mesure o\u00f9 nous y sommes l\u00e9galement autoris\u00e9s.<\/p>\n<p>&nbsp;<\/p>\n<h4>Vos droits \/ Contact<\/h4>\n<p>Conform\u00e9ment \u00e0 la r\u00e9glementation en vigueur, vous disposez d\u2019un droit d\u2019acc\u00e8s, de rectification, de suppression et d\u2019opposition de vos donn\u00e9es personnelles.<\/p>\n<p>Vous pouvez demander la communication de vos donn\u00e9es personnelles et vous avez le droit de d\u00e9finir des directives relatives au sort de vos donn\u00e9es \u00e0 caract\u00e8re personnel apr\u00e8s votre d\u00e9c\u00e8s. Vous pouvez \u00e9galement demander la limitation, la portabilit\u00e9 de vos donn\u00e9es et\/ou introduire une r\u00e9clamation aupr\u00e8s de l\u2019autorit\u00e9 de contr\u00f4le comp\u00e9tente. Veuillez adresser votre demande \u00e0 l\u2019adresse suivante : WELCO Industries, 4 route de la Vall\u00e9e, Quartier de l\u2019Usine, 05 300 LE PO\u00cbT, FRANCE<\/p>\n<p>&nbsp;<\/p>\n<h4>Modification de la politique de confidentialit\u00e9<\/h4>\n<p>WELCO Industries se r\u00e9serve le droit de faire \u00e9voluer la pr\u00e9sente Politique de confidentialit\u00e9 \u00e0 tout moment, notamment en application des changements apport\u00e9s aux lois et r\u00e8glementations en vigueur.<\/p>\n<p>Veuillez noter que cette politique de confidentialit\u00e9 est susceptible d\u2019\u00eatre modifi\u00e9e ou compl\u00e9t\u00e9e \u00e0 tout moment par WELCO Industries, notamment en vue de se conformer \u00e0 toute \u00e9volution l\u00e9gislative, r\u00e8glementaire, jurisprudentielle ou technologique. Dans un tel cas, la date de sa mise \u00e0 jour sera clairement identifi\u00e9e en t\u00eate de la pr\u00e9sente politique. Ces modifications engagent l\u2019utilisateur d\u00e8s leur mise en ligne. Il convient par cons\u00e9quent de v\u00e9rifier ces r\u00e8gles r\u00e9guli\u00e8rement pour rester inform\u00e9 de nos proc\u00e9dures et r\u00e8gles concernant vos informations personnelles.<\/p>\n<h4>Coordonn\u00e9es<\/h4>\n<p><span style=\"font-weight: 400;\">Soci\u00e9t\u00e9 : WELCO Industries<\/span><\/p>\n<p><span style=\"font-weight: 400;\">Adresse : 4 route de la Vall\u00e9e, Quartier de l\u2019Usine, 05 300 LE PO\u00cbT, FRANCE<\/span><\/p>\n<p><span style=\"font-weight: 400;\">Contact : Charlotte Bourgeois, CEO WELCO Industries<\/span>[\/vc_column_text][vc_empty_space height=\u00a0\u00bb50px\u00a0\u00bb][\/vc_column][vc_column width=\u00a0\u00bb1\/12&Prime;][\/vc_column][\/vc_row]<\/p>\n<\/div>","protected":false},"excerpt":{"rendered":"<p>[vc_row css_animation=\u00a0\u00bb\u00a0\u00bb row_type=\u00a0\u00bbrow\u00a0\u00bb use_row_as_full_screen_section=\u00a0\u00bbno\u00a0\u00bb type=\u00a0\u00bbfull_width\u00a0\u00bb angled_section=\u00a0\u00bbno\u00a0\u00bb text_align=\u00a0\u00bbleft\u00a0\u00bb background_image_as_pattern=\u00a0\u00bbwithout_pattern\u00a0\u00bb][vc_column][vc_column_text] Politique de confidentialit\u00e9 [\/vc_column_text][vc_separator type=\u00a0\u00bbsmall\u00a0\u00bb position=\u00a0\u00bbcenter\u00a0\u00bb][\/vc_column][\/vc_row][vc_row css_animation=\u00a0\u00bb\u00a0\u00bb row_type=\u00a0\u00bbrow\u00a0\u00bb use_row_as_full_screen_section=\u00a0\u00bbno\u00a0\u00bb type=\u00a0\u00bbfull_width\u00a0\u00bb angled_section=\u00a0\u00bbno\u00a0\u00bb text_align=\u00a0\u00bbleft\u00a0\u00bb background_image_as_pattern=\u00a0\u00bbwithout_pattern\u00a0\u00bb][vc_column width=\u00a0\u00bb1\/12&Prime;][\/vc_column][vc_column width=\u00a0\u00bb10\/12&Prime;][vc_column_text]Notre \u00e9quipe s\u2019engage \u00e0 ce que la collecte et le traitement de vos donn\u00e9es, soient conformes au r\u00e8glement g\u00e9n\u00e9ral sur la protection des&#8230;<\/p>\n","protected":false},"author":1,"featured_media":0,"parent":0,"menu_order":0,"comment_status":"closed","ping_status":"open","template":"","meta":{"footnotes":""},"class_list":["post-3","page","type-page","status-publish","hentry"],"yoast_head":"<!-- This site is optimized with the Yoast SEO plugin v27.5 - https:\/\/yoast.com\/product\/yoast-seo-wordpress\/ -->\n<title>Politique de confidentialit\u00e9 - WELCO industries<\/title>\n<meta name=\"robots\" content=\"noindex, follow\" \/>\n<meta property=\"og:locale\" content=\"fr_FR\" \/>\n<meta property=\"og:type\" content=\"article\" \/>\n<meta property=\"og:title\" content=\"Politique de confidentialit\u00e9 - WELCO industries\" \/>\n<meta property=\"og:description\" content=\"[vc_row css_animation=\u00a0\u00bb\u00a0\u00bb row_type=\u00a0\u00bbrow\u00a0\u00bb use_row_as_full_screen_section=\u00a0\u00bbno\u00a0\u00bb type=\u00a0\u00bbfull_width\u00a0\u00bb angled_section=\u00a0\u00bbno\u00a0\u00bb text_align=\u00a0\u00bbleft\u00a0\u00bb background_image_as_pattern=\u00a0\u00bbwithout_pattern\u00a0\u00bb][vc_column][vc_column_text] Politique de confidentialit\u00e9 [\/vc_column_text][vc_separator type=\u00a0\u00bbsmall\u00a0\u00bb position=\u00a0\u00bbcenter\u00a0\u00bb][\/vc_column][\/vc_row][vc_row css_animation=\u00a0\u00bb\u00a0\u00bb row_type=\u00a0\u00bbrow\u00a0\u00bb use_row_as_full_screen_section=\u00a0\u00bbno\u00a0\u00bb type=\u00a0\u00bbfull_width\u00a0\u00bb angled_section=\u00a0\u00bbno\u00a0\u00bb text_align=\u00a0\u00bbleft\u00a0\u00bb background_image_as_pattern=\u00a0\u00bbwithout_pattern\u00a0\u00bb][vc_column width=\u00a0\u00bb1\/12&Prime;][\/vc_column][vc_column width=\u00a0\u00bb10\/12&Prime;][vc_column_text]Notre \u00e9quipe s\u2019engage \u00e0 ce que la collecte et le traitement de vos donn\u00e9es, soient conformes au r\u00e8glement g\u00e9n\u00e9ral sur la protection des...\" \/>\n<meta property=\"og:url\" content=\"https:\/\/www.welco-ind.com\/fr\/politique-confidentialite\/\" \/>\n<meta property=\"og:site_name\" content=\"WELCO industries\" \/>\n<meta property=\"article:modified_time\" content=\"2025-03-14T09:11:20+00:00\" \/>\n<meta name=\"twitter:card\" content=\"summary_large_image\" \/>\n<meta name=\"twitter:label1\" content=\"Dur\u00e9e de lecture estim\u00e9e\" \/>\n\t<meta name=\"twitter:data1\" content=\"4 minutes\" \/>\n<script type=\"application\/ld+json\" class=\"yoast-schema-graph\">{\"@context\":\"https:\\\/\\\/schema.org\",\"@graph\":[{\"@type\":\"WebPage\",\"@id\":\"https:\\\/\\\/www.welco-ind.com\\\/fr\\\/politique-confidentialite\\\/\",\"url\":\"https:\\\/\\\/www.welco-ind.com\\\/fr\\\/politique-confidentialite\\\/\",\"name\":\"Politique de confidentialit\u00e9 - WELCO industries\",\"isPartOf\":{\"@id\":\"https:\\\/\\\/www.welco-ind.com\\\/fr\\\/#website\"},\"datePublished\":\"2025-03-09T15:28:35+00:00\",\"dateModified\":\"2025-03-14T09:11:20+00:00\",\"breadcrumb\":{\"@id\":\"https:\\\/\\\/www.welco-ind.com\\\/fr\\\/politique-confidentialite\\\/#breadcrumb\"},\"inLanguage\":\"fr-FR\",\"potentialAction\":[{\"@type\":\"ReadAction\",\"target\":[\"https:\\\/\\\/www.welco-ind.com\\\/fr\\\/politique-confidentialite\\\/\"]}]},{\"@type\":\"BreadcrumbList\",\"@id\":\"https:\\\/\\\/www.welco-ind.com\\\/fr\\\/politique-confidentialite\\\/#breadcrumb\",\"itemListElement\":[{\"@type\":\"ListItem\",\"position\":1,\"name\":\"Accueil\",\"item\":\"https:\\\/\\\/www.welco-ind.com\\\/fr\\\/\"},{\"@type\":\"ListItem\",\"position\":2,\"name\":\"Politique de confidentialit\u00e9\"}]},{\"@type\":\"WebSite\",\"@id\":\"https:\\\/\\\/www.welco-ind.com\\\/fr\\\/#website\",\"url\":\"https:\\\/\\\/www.welco-ind.com\\\/fr\\\/\",\"name\":\"WELCO industries\",\"description\":\"Custom motor-compressor solutions for mission-critical cooling systems\",\"potentialAction\":[{\"@type\":\"SearchAction\",\"target\":{\"@type\":\"EntryPoint\",\"urlTemplate\":\"https:\\\/\\\/www.welco-ind.com\\\/fr\\\/?s={search_term_string}\"},\"query-input\":{\"@type\":\"PropertyValueSpecification\",\"valueRequired\":true,\"valueName\":\"search_term_string\"}}],\"inLanguage\":\"fr-FR\"}]}<\/script>\n<!-- \/ Yoast SEO plugin. -->","yoast_head_json":{"title":"Politique de confidentialit\u00e9 - WELCO industries","robots":{"index":"noindex","follow":"follow"},"og_locale":"fr_FR","og_type":"article","og_title":"Politique de confidentialit\u00e9 - WELCO industries","og_description":"[vc_row css_animation=\u00a0\u00bb\u00a0\u00bb row_type=\u00a0\u00bbrow\u00a0\u00bb use_row_as_full_screen_section=\u00a0\u00bbno\u00a0\u00bb type=\u00a0\u00bbfull_width\u00a0\u00bb angled_section=\u00a0\u00bbno\u00a0\u00bb text_align=\u00a0\u00bbleft\u00a0\u00bb background_image_as_pattern=\u00a0\u00bbwithout_pattern\u00a0\u00bb][vc_column][vc_column_text] Politique de confidentialit\u00e9 [\/vc_column_text][vc_separator type=\u00a0\u00bbsmall\u00a0\u00bb position=\u00a0\u00bbcenter\u00a0\u00bb][\/vc_column][\/vc_row][vc_row css_animation=\u00a0\u00bb\u00a0\u00bb row_type=\u00a0\u00bbrow\u00a0\u00bb use_row_as_full_screen_section=\u00a0\u00bbno\u00a0\u00bb type=\u00a0\u00bbfull_width\u00a0\u00bb angled_section=\u00a0\u00bbno\u00a0\u00bb text_align=\u00a0\u00bbleft\u00a0\u00bb background_image_as_pattern=\u00a0\u00bbwithout_pattern\u00a0\u00bb][vc_column width=\u00a0\u00bb1\/12&Prime;][\/vc_column][vc_column width=\u00a0\u00bb10\/12&Prime;][vc_column_text]Notre \u00e9quipe s\u2019engage \u00e0 ce que la collecte et le traitement de vos donn\u00e9es, soient conformes au r\u00e8glement g\u00e9n\u00e9ral sur la protection des...","og_url":"https:\/\/www.welco-ind.com\/fr\/politique-confidentialite\/","og_site_name":"WELCO industries","article_modified_time":"2025-03-14T09:11:20+00:00","twitter_card":"summary_large_image","twitter_misc":{"Dur\u00e9e de lecture estim\u00e9e":"4 minutes"},"schema":{"@context":"https:\/\/schema.org","@graph":[{"@type":"WebPage","@id":"https:\/\/www.welco-ind.com\/fr\/politique-confidentialite\/","url":"https:\/\/www.welco-ind.com\/fr\/politique-confidentialite\/","name":"Politique de confidentialit\u00e9 - WELCO industries","isPartOf":{"@id":"https:\/\/www.welco-ind.com\/fr\/#website"},"datePublished":"2025-03-09T15:28:35+00:00","dateModified":"2025-03-14T09:11:20+00:00","breadcrumb":{"@id":"https:\/\/www.welco-ind.com\/fr\/politique-confidentialite\/#breadcrumb"},"inLanguage":"fr-FR","potentialAction":[{"@type":"ReadAction","target":["https:\/\/www.welco-ind.com\/fr\/politique-confidentialite\/"]}]},{"@type":"BreadcrumbList","@id":"https:\/\/www.welco-ind.com\/fr\/politique-confidentialite\/#breadcrumb","itemListElement":[{"@type":"ListItem","position":1,"name":"Accueil","item":"https:\/\/www.welco-ind.com\/fr\/"},{"@type":"ListItem","position":2,"name":"Politique de confidentialit\u00e9"}]},{"@type":"WebSite","@id":"https:\/\/www.welco-ind.com\/fr\/#website","url":"https:\/\/www.welco-ind.com\/fr\/","name":"WELCO industries","description":"Custom motor-compressor solutions for mission-critical cooling systems","potentialAction":[{"@type":"SearchAction","target":{"@type":"EntryPoint","urlTemplate":"https:\/\/www.welco-ind.com\/fr\/?s={search_term_string}"},"query-input":{"@type":"PropertyValueSpecification","valueRequired":true,"valueName":"search_term_string"}}],"inLanguage":"fr-FR"}]}},"_links":{"self":[{"href":"https:\/\/www.welco-ind.com\/fr\/wp-json\/wp\/v2\/pages\/3","targetHints":{"allow":["GET"]}}],"collection":[{"href":"https:\/\/www.welco-ind.com\/fr\/wp-json\/wp\/v2\/pages"}],"about":[{"href":"https:\/\/www.welco-ind.com\/fr\/wp-json\/wp\/v2\/types\/page"}],"author":[{"embeddable":true,"href":"https:\/\/www.welco-ind.com\/fr\/wp-json\/wp\/v2\/users\/1"}],"replies":[{"embeddable":true,"href":"https:\/\/www.welco-ind.com\/fr\/wp-json\/wp\/v2\/comments?post=3"}],"version-history":[{"count":1,"href":"https:\/\/www.welco-ind.com\/fr\/wp-json\/wp\/v2\/pages\/3\/revisions"}],"predecessor-version":[{"id":17030,"href":"https:\/\/www.welco-ind.com\/fr\/wp-json\/wp\/v2\/pages\/3\/revisions\/17030"}],"wp:attachment":[{"href":"https:\/\/www.welco-ind.com\/fr\/wp-json\/wp\/v2\/media?parent=3"}],"curies":[{"name":"wp","href":"https:\/\/api.w.org\/{rel}","templated":true}]}}